{"id":1801,"date":"2025-01-29T08:59:19","date_gmt":"2025-01-29T08:59:19","guid":{"rendered":"https:\/\/lspco.eu\/test\/kas-yra-lsp\/"},"modified":"2025-09-12T15:13:35","modified_gmt":"2025-09-12T15:13:35","slug":"kas-yra-lsp","status":"publish","type":"page","link":"https:\/\/lspco.eu\/test\/lt\/kas-yra-lsp\/","title":{"rendered":"Kas yra LSP?"},"content":{"rendered":"\t\t<div data-elementor-type=\"wp-page\" data-elementor-id=\"1801\" class=\"elementor elementor-1801 elementor-38\">\n\t\t\t\t<div class=\"elementor-element elementor-element-0204966 e-flex e-con-boxed e-con e-parent\" data-id=\"0204966\" data-element_type=\"container\">\n\t\t\t\t\t<div class=\"e-con-inner\">\n\t\t<div class=\"elementor-element elementor-element-98e3f34 e-con-full e-flex e-con e-child\" data-id=\"98e3f34\" data-element_type=\"container\">\n\t\t\t\t<div class=\"elementor-element elementor-element-ad7bde6 elementor-widget elementor-widget-text-editor\" data-id=\"ad7bde6\" data-element_type=\"widget\" data-widget_type=\"text-editor.default\">\n\t\t\t\t<div class=\"elementor-widget-container\">\n\t\t\t\t\t\t\t\t\t<p><b>Specializuotos kalbos mokymas<\/b> (LSP) yra pla\u010diai naudojamas antrosios ir u\u017esienio kalbos mokymo metodas, skirtas patenkinti neatid\u0117liotinus ir labai specifinius poreikius besimokan\u010di\u0173j\u0173, kuriems kalba reikalinga kaip funkcin\u0117 priemon\u0117 j\u0173 i\u0161silavinimui, mokymui ar profesijai (Gollin-Kies ir kt., 2015; Garzone ir kt., 2016; Riordan, 2018).<br \/>Mokant bendrosios kalbos d\u0117mesys skiriamas kalbos \u012fg\u016bd\u017ei\u0173 \u012fgijimui, kit\u0173 kult\u016br\u0173 pa\u017einimui ir j\u0173 vertinimui, o specializuotos kalbos mokyme d\u0117mesys specifiniam kontekstui ir specifiniams poreikiams, pvz. angl\u0173 kalba aviatoriams, vokie\u010di\u0173 kalba sienos apsaugai.<\/p>\t\t\t\t\t\t\t\t<\/div>\n\t\t\t\t<\/div>\n\t\t\t\t<\/div>\n\t\t\t\t\t<\/div>\n\t\t\t\t<\/div>\n\t\t<div class=\"elementor-element elementor-element-23fe4c7 e-flex e-con-boxed e-con e-parent\" data-id=\"23fe4c7\" data-element_type=\"container\">\n\t\t\t\t\t<div class=\"e-con-inner\">\n\t\t\t\t<div class=\"elementor-element elementor-element-3a236cd elementor-widget elementor-widget-image\" data-id=\"3a236cd\" data-element_type=\"widget\" data-widget_type=\"image.default\">\n\t\t\t\t<div class=\"elementor-widget-container\">\n\t\t\t\t\t\t\t\t\t\t\t\t\t\t\t<img decoding=\"async\" src=\"https:\/\/lspco.eu\/test\/wp-content\/uploads\/elementor\/thumbs\/admin-ajax_LT-rbnj1olzmzpfau3q0hgwrymu4tep6bwm61fl6jolf4.png\" title=\"admin-ajax_LT\" alt=\"admin-ajax_LT\" loading=\"lazy\" \/>\t\t\t\t\t\t\t\t\t\t\t\t\t\t\t<\/div>\n\t\t\t\t<\/div>\n\t\t\t\t\t<\/div>\n\t\t\t\t<\/div>\n\t\t<div class=\"elementor-element elementor-element-cf47c4b e-flex e-con-boxed e-con e-parent\" data-id=\"cf47c4b\" data-element_type=\"container\">\n\t\t\t\t\t<div class=\"e-con-inner\">\n\t\t<div class=\"elementor-element elementor-element-4f5909d e-con-full e-flex e-con e-child\" data-id=\"4f5909d\" data-element_type=\"container\">\n\t\t\t\t<div class=\"elementor-element elementor-element-f6ed4ae elementor-widget elementor-widget-text-editor\" data-id=\"f6ed4ae\" data-element_type=\"widget\" data-widget_type=\"text-editor.default\">\n\t\t\t\t<div class=\"elementor-widget-container\">\n\t\t\t\t\t\t\t\t\t\u017demiau esan\u010dioje lentel\u0117je <b>palyginamos specializuotos kalbos <\/b>(LSP), <b>integruoto dalyko ir kalbos mokymo<\/b> (CLIL) ir <b>angl\u0173 kalbos kaip mokymo priemon\u0117s <\/b>(EMI) charakteristikos, daugiausia d\u0117mesio skiriant d\u0117stytoj\u0173 vaidmenims, bendradarbiavimui, gr\u012f\u017etamajam ry\u0161iui ir autenti\u0161kos med\u017eiagos naudojimui.\t\t\t\t\t\t\t\t<\/div>\n\t\t\t\t<\/div>\n\t\t\t\t<div class=\"elementor-element elementor-element-38b74ec elementor-widget elementor-widget-html\" data-id=\"38b74ec\" data-element_type=\"widget\" data-widget_type=\"html.default\">\n\t\t\t\t<div class=\"elementor-widget-container\">\n\t\t\t\t\t<div>\r\n\r\n<style>\r\ntable {\r\n  font-family: Arial;\r\n  border-collapse: collapse;\r\n  width: 100%;\r\n}\r\n\r\nth {\r\n  border: 1px dotted  #FFFFFF;\r\n  border-color: #FFFFFF;\r\n  text-align: center;\r\n  padding: 8px;\r\n  font-size: 25px \r\n}\r\n\r\ntd {\r\n    text-align: center;\r\n  padding: 8px;\r\n    font-size: 17px;\r\n   font-weight: normal !important;\r\n}\r\n<\/style>\r\n\r\n\r\n\r\n\r\n\r\n<table>\r\n  <tr>\r\n    <th>LSP<\/th>\r\n<th>CLIL<\/th>\r\n<th>EMI<\/th>\r\n  <\/tr>\r\n  <tr>\r\n    <td>specializuotos kalbos mokymas<\/td>\r\n<td>integruotas dalyko ir kalbos mokymas<\/td>\r\n<td>angl\u0173 kalba kaip mokymo priemon\u0117<\/td>\r\n  <\/tr>\r\n  <tr>\r\n    <td>LSP kalbos d\u0117stytojas pateikia aplink\u0105, kontekst\u0105, kur ir kaip vartojamas \u017eodynas.<\/td>\r\n<td>CLIL d\u0117stytojas sukuria aplink\u0105, kontekst\u0105, kur ir kaip vartojamas \u017eodynas.<\/td>\r\n    <td>EMI d\u0117stytojas moko dalyko tiksline kalba.<br>EMI u\u017esi\u0117mime daugiausia d\u0117mesio skiriama dalykui, o ne kalbai. <\/td>\r\n  <\/tr>\r\n  <tr>\r\n    <td>Parengime gali dalyvauti dalyko d\u0117stytojas<\/td>\r\n<td>Parengime dalyvauja turinio d\u0117stytojas(-a) <\/td><br><td>U\u017esi\u0117mim\u0105 rengia dalyko d\u0117stytojas, o kalbos d\u0117stytojas nedalyvauja (kalbos d\u0117stytojas gali pad\u0117ti dalyko d\u0117stytojui pasiruo\u0161ti kursui)<\/td>\r\n  <\/tr>\r\n  <tr>\r\n    <td>Visas veiklas atlieka tik kalbos d\u0117stytojas<\/td>\r\n<td>Dalyko d\u0117stytojas gali atlikti CLIL u\u017eduotis; kalbos d\u0117stytojas pataria kalbos klausimais; mokymas yra kalbos d\u0117stytojo ir dalyko d\u0117stytojo bendradarbiavimas<\/td>\r\n<td>Visas veiklas atlieka tik turinio d\u0117stytojas<\/td>\r\n  <\/tr>\r\n  <tr>\r\n    <td>Tik kalbos mokymo metodologija<\/td>\r\n<td>Kalbos d\u0117stytojo teikiama kalbos metodologijos pagalba dalyko d\u0117stytojui<\/td>\r\n<td>Kalbos mokymo metodologijos netaikomos<\/td>\r\n  <\/tr>\r\n  <tr>\r\n    <td>Atsiliepimai pateikiami ir aptariami daugiausia tiksline kalba (priklausomai nuo student\u0173 kalbos lygio)<\/td>\r\n<td>Atsiliepimai gali b\u016bti pateikiami abiem kalbomis<\/td>\r\n<td>N\u0117ra arba ma\u017eai atsiliepim\u0173 apie kalb\u0105 (pvz. atsiliepimai apie s\u0105vokas ir \u017eodyn\u0105, o ne gramatik\u0105)<\/td>\r\n  <\/tr>\r\n    <tr>\r\n    <td>Paruo\u0161ti vadov\u0117liai ir d\u0117stytojo parengta med\u017eiaga (kuo autenti\u0161kesn\u0117)<\/td>\r\n<td>Autenti\u0161ka med\u017eiaga ir aplinka; 95% turinio ir 5% kalbos vertinimo<\/td>\r\n<td>Autenti\u0161ka med\u017eiaga (kalbai skiriama ma\u017eai arba visai neskiriama d\u0117mesio)<\/td>\r\n  <\/tr>\r\n<\/table>\r\n\r\n\r\n\r\n<\/div>\t\t\t\t<\/div>\n\t\t\t\t<\/div>\n\t\t\t\t<\/div>\n\t\t\t\t\t<\/div>\n\t\t\t\t<\/div>\n\t\t<div class=\"elementor-element elementor-element-884f6da e-flex e-con-boxed e-con e-parent\" data-id=\"884f6da\" data-element_type=\"container\">\n\t\t\t\t\t<div class=\"e-con-inner\">\n\t\t\t\t<div class=\"elementor-element elementor-element-9fb9cf5 elementor-widget elementor-widget-heading\" data-id=\"9fb9cf5\" data-element_type=\"widget\" data-widget_type=\"heading.default\">\n\t\t\t\t<div class=\"elementor-widget-container\">\n\t\t\t\t\t<h2 class=\"elementor-heading-title elementor-size-default\">LSP kurso k\u016brimo \u017eingsniai<\/h2>\t\t\t\t<\/div>\n\t\t\t\t<\/div>\n\t\t\t\t\t<\/div>\n\t\t\t\t<\/div>\n\t\t<div class=\"elementor-element elementor-element-b47258f e-flex e-con-boxed e-con e-parent\" data-id=\"b47258f\" data-element_type=\"container\">\n\t\t\t\t\t<div class=\"e-con-inner\">\n\t\t\t\t<div class=\"elementor-element elementor-element-d8f5aa0 elementor-widget elementor-widget-text-editor\" data-id=\"d8f5aa0\" data-element_type=\"widget\" data-widget_type=\"text-editor.default\">\n\t\t\t\t<div class=\"elementor-widget-container\">\n\t\t\t\t\t\t\t\t\t<p><span style=\"font-weight: 400;\">Brown (1995) apibr\u0117\u017eia \u0161e\u0161i\u0173 \u017eingsni\u0173 mokymo programos k\u016brimo model\u012f, kuris yra pagrindinis LSP kurso k\u016brimo pagrindas:<\/span><\/p>\t\t\t\t\t\t\t\t<\/div>\n\t\t\t\t<\/div>\n\t\t\t\t\t<\/div>\n\t\t\t\t<\/div>\n\t\t<div class=\"elementor-element elementor-element-351f645 e-flex e-con-boxed e-con e-parent\" data-id=\"351f645\" data-element_type=\"container\">\n\t\t\t\t\t<div class=\"e-con-inner\">\n\t\t<div class=\"elementor-element elementor-element-38091fc e-con-full e-flex e-con e-child\" data-id=\"38091fc\" data-element_type=\"container\">\n\t\t\t\t<div class=\"elementor-element elementor-element-c83dc4b animated-slow e-transform elementor-icon-list--layout-traditional elementor-list-item-link-full_width elementor-widget elementor-widget-icon-list\" data-id=\"c83dc4b\" data-element_type=\"widget\" data-settings=\"{&quot;_animation&quot;:&quot;none&quot;,&quot;_transform_rotateZ_effect&quot;:{&quot;unit&quot;:&quot;px&quot;,&quot;size&quot;:&quot;&quot;,&quot;sizes&quot;:[]},&quot;_transform_rotateZ_effect_tablet&quot;:{&quot;unit&quot;:&quot;deg&quot;,&quot;size&quot;:&quot;&quot;,&quot;sizes&quot;:[]},&quot;_transform_rotateZ_effect_mobile&quot;:{&quot;unit&quot;:&quot;deg&quot;,&quot;size&quot;:&quot;&quot;,&quot;sizes&quot;:[]}}\" data-widget_type=\"icon-list.default\">\n\t\t\t\t<div class=\"elementor-widget-container\">\n\t\t\t\t\t\t\t<ul class=\"elementor-icon-list-items\">\n\t\t\t\t\t\t\t<li class=\"elementor-icon-list-item\">\n\t\t\t\t\t\t\t\t\t\t\t<span class=\"elementor-icon-list-icon\">\n\t\t\t\t\t\t\t<svg aria-hidden=\"true\" class=\"e-font-icon-svg e-fas-check\" viewBox=\"0 0 512 512\" xmlns=\"http:\/\/www.w3.org\/2000\/svg\"><path d=\"M173.898 439.404l-166.4-166.4c-9.997-9.997-9.997-26.206 0-36.204l36.203-36.204c9.997-9.998 26.207-9.998 36.204 0L192 312.69 432.095 72.596c9.997-9.997 26.207-9.997 36.204 0l36.203 36.204c9.997 9.997 9.997 26.206 0 36.204l-294.4 294.401c-9.998 9.997-26.207 9.997-36.204-.001z\"><\/path><\/svg>\t\t\t\t\t\t<\/span>\n\t\t\t\t\t\t\t\t\t\t<span class=\"elementor-icon-list-text\"><b><u>Poreiki\u0173 analiz\u0117<\/u><\/b> \u2013 besimokan\u010di\u0173j\u0173 konkre\u010di\u0173 kalbini\u0173 poreiki\u0173 nustatymas j\u0173 profesiniame ar akademiniame kontekste.<\/span>\n\t\t\t\t\t\t\t\t\t<\/li>\n\t\t\t\t\t\t\t\t<li class=\"elementor-icon-list-item\">\n\t\t\t\t\t\t\t\t\t\t\t<span class=\"elementor-icon-list-icon\">\n\t\t\t\t\t\t\t<svg aria-hidden=\"true\" class=\"e-font-icon-svg e-fas-check\" viewBox=\"0 0 512 512\" xmlns=\"http:\/\/www.w3.org\/2000\/svg\"><path d=\"M173.898 439.404l-166.4-166.4c-9.997-9.997-9.997-26.206 0-36.204l36.203-36.204c9.997-9.998 26.207-9.998 36.204 0L192 312.69 432.095 72.596c9.997-9.997 26.207-9.997 36.204 0l36.203 36.204c9.997 9.997 9.997 26.206 0 36.204l-294.4 294.401c-9.998 9.997-26.207 9.997-36.204-.001z\"><\/path><\/svg>\t\t\t\t\t\t<\/span>\n\t\t\t\t\t\t\t\t\t\t<span class=\"elementor-icon-list-text\"><u><b>Tikslai ir u\u017edaviniai <\/b><\/u>\u2013 ai\u0161ki\u0173 mokymosi rezultat\u0173 nustatymas remiantis nustatytais poreikiais.<\/span>\n\t\t\t\t\t\t\t\t\t<\/li>\n\t\t\t\t\t\t\t\t<li class=\"elementor-icon-list-item\">\n\t\t\t\t\t\t\t\t\t\t\t<span class=\"elementor-icon-list-icon\">\n\t\t\t\t\t\t\t<svg aria-hidden=\"true\" class=\"e-font-icon-svg e-fas-check\" viewBox=\"0 0 512 512\" xmlns=\"http:\/\/www.w3.org\/2000\/svg\"><path d=\"M173.898 439.404l-166.4-166.4c-9.997-9.997-9.997-26.206 0-36.204l36.203-36.204c9.997-9.998 26.207-9.998 36.204 0L192 312.69 432.095 72.596c9.997-9.997 26.207-9.997 36.204 0l36.203 36.204c9.997 9.997 9.997 26.206 0 36.204l-294.4 294.401c-9.998 9.997-26.207 9.997-36.204-.001z\"><\/path><\/svg>\t\t\t\t\t\t<\/span>\n\t\t\t\t\t\t\t\t\t\t<span class=\"elementor-icon-list-text\"><u><b>Vertinimas <\/b><\/u>\u2013 vertinimo metod\u0173, skirt\u0173 besimokan\u010di\u0173j\u0173 pa\u017eangai ir mokymo efektyvumui matuoti, k\u016brimas.<\/span>\n\t\t\t\t\t\t\t\t\t<\/li>\n\t\t\t\t\t\t\t\t<li class=\"elementor-icon-list-item\">\n\t\t\t\t\t\t\t\t\t\t\t<span class=\"elementor-icon-list-icon\">\n\t\t\t\t\t\t\t<svg aria-hidden=\"true\" class=\"e-font-icon-svg e-fas-check\" viewBox=\"0 0 512 512\" xmlns=\"http:\/\/www.w3.org\/2000\/svg\"><path d=\"M173.898 439.404l-166.4-166.4c-9.997-9.997-9.997-26.206 0-36.204l36.203-36.204c9.997-9.998 26.207-9.998 36.204 0L192 312.69 432.095 72.596c9.997-9.997 26.207-9.997 36.204 0l36.203 36.204c9.997 9.997 9.997 26.206 0 36.204l-294.4 294.401c-9.998 9.997-26.207 9.997-36.204-.001z\"><\/path><\/svg>\t\t\t\t\t\t<\/span>\n\t\t\t\t\t\t\t\t\t\t<span class=\"elementor-icon-list-text\"><u><b>Med\u017eiagos parinkimas ir rengimas <\/b><\/u>\u2013 tinkamos mokymo med\u017eiagos, pritaikytos specializuotam kalbos vartojimui, parinkimas arba k\u016brimas.<\/span>\n\t\t\t\t\t\t\t\t\t<\/li>\n\t\t\t\t\t\t\t\t<li class=\"elementor-icon-list-item\">\n\t\t\t\t\t\t\t\t\t\t\t<span class=\"elementor-icon-list-icon\">\n\t\t\t\t\t\t\t<svg aria-hidden=\"true\" class=\"e-font-icon-svg e-fas-check\" viewBox=\"0 0 512 512\" xmlns=\"http:\/\/www.w3.org\/2000\/svg\"><path d=\"M173.898 439.404l-166.4-166.4c-9.997-9.997-9.997-26.206 0-36.204l36.203-36.204c9.997-9.998 26.207-9.998 36.204 0L192 312.69 432.095 72.596c9.997-9.997 26.207-9.997 36.204 0l36.203 36.204c9.997 9.997 9.997 26.206 0 36.204l-294.4 294.401c-9.998 9.997-26.207 9.997-36.204-.001z\"><\/path><\/svg>\t\t\t\t\t\t<\/span>\n\t\t\t\t\t\t\t\t\t\t<span class=\"elementor-icon-list-text\"><u><b>Mokymas <\/b><\/u>\u2013 veiksming\u0173 mokymo strategij\u0173, skirt\u0173 \u012fg\u016bd\u017ei\u0173 \u012fgijimui konkre\u010diuose kontekstuose, \u012fgyvendinimas.<\/span>\n\t\t\t\t\t\t\t\t\t<\/li>\n\t\t\t\t\t\t\t\t<li class=\"elementor-icon-list-item\">\n\t\t\t\t\t\t\t\t\t\t\t<span class=\"elementor-icon-list-icon\">\n\t\t\t\t\t\t\t<svg aria-hidden=\"true\" class=\"e-font-icon-svg e-fas-check\" viewBox=\"0 0 512 512\" xmlns=\"http:\/\/www.w3.org\/2000\/svg\"><path d=\"M173.898 439.404l-166.4-166.4c-9.997-9.997-9.997-26.206 0-36.204l36.203-36.204c9.997-9.998 26.207-9.998 36.204 0L192 312.69 432.095 72.596c9.997-9.997 26.207-9.997 36.204 0l36.203 36.204c9.997 9.997 9.997 26.206 0 36.204l-294.4 294.401c-9.998 9.997-26.207 9.997-36.204-.001z\"><\/path><\/svg>\t\t\t\t\t\t<\/span>\n\t\t\t\t\t\t\t\t\t\t<span class=\"elementor-icon-list-text\"><u><b>Programos vertinimas<\/b><\/u> \u2013 nuolatinis mokymo programos vertinimas ir tobulinimas remiantis besimokan\u010di\u0173j\u0173 atsiliepimais ir besikei\u010dian\u010diais poreikiais.<\/span>\n\t\t\t\t\t\t\t\t\t<\/li>\n\t\t\t\t\t\t<\/ul>\n\t\t\t\t\t\t<\/div>\n\t\t\t\t<\/div>\n\t\t\t\t<\/div>\n\t\t\t\t<div class=\"elementor-element elementor-element-7f4d65f elementor-widget elementor-widget-spacer\" data-id=\"7f4d65f\" data-element_type=\"widget\" data-widget_type=\"spacer.default\">\n\t\t\t\t<div class=\"elementor-widget-container\">\n\t\t\t\t\t\t\t<div class=\"elementor-spacer\">\n\t\t\t<div class=\"elementor-spacer-inner\"><\/div>\n\t\t<\/div>\n\t\t\t\t\t\t<\/div>\n\t\t\t\t<\/div>\n\t\t\t\t\t<\/div>\n\t\t\t\t<\/div>\n\t\t<div class=\"elementor-element elementor-element-e9429ad e-flex e-con-boxed e-con e-parent\" data-id=\"e9429ad\" data-element_type=\"container\">\n\t\t\t\t\t<div class=\"e-con-inner\">\n\t\t\t\t<div class=\"elementor-element elementor-element-4c3cc3b elementor-widget elementor-widget-heading\" data-id=\"4c3cc3b\" data-element_type=\"widget\" data-widget_type=\"heading.default\">\n\t\t\t\t<div class=\"elementor-widget-container\">\n\t\t\t\t\t<h2 class=\"elementor-heading-title elementor-size-default\">Nuorodos tolesniam skaitymui\n<\/h2>\t\t\t\t<\/div>\n\t\t\t\t<\/div>\n\t\t\t\t<div class=\"elementor-element elementor-element-d1d74a0 animated-slow e-transform elementor-icon-list--layout-traditional elementor-list-item-link-full_width elementor-widget elementor-widget-icon-list\" data-id=\"d1d74a0\" data-element_type=\"widget\" data-settings=\"{&quot;_animation&quot;:&quot;none&quot;,&quot;_transform_rotateZ_effect&quot;:{&quot;unit&quot;:&quot;px&quot;,&quot;size&quot;:&quot;&quot;,&quot;sizes&quot;:[]},&quot;_transform_rotateZ_effect_tablet&quot;:{&quot;unit&quot;:&quot;deg&quot;,&quot;size&quot;:&quot;&quot;,&quot;sizes&quot;:[]},&quot;_transform_rotateZ_effect_mobile&quot;:{&quot;unit&quot;:&quot;deg&quot;,&quot;size&quot;:&quot;&quot;,&quot;sizes&quot;:[]}}\" data-widget_type=\"icon-list.default\">\n\t\t\t\t<div class=\"elementor-widget-container\">\n\t\t\t\t\t\t\t<ul class=\"elementor-icon-list-items\">\n\t\t\t\t\t\t\t<li class=\"elementor-icon-list-item\">\n\t\t\t\t\t\t\t\t\t\t\t<span class=\"elementor-icon-list-icon\">\n\t\t\t\t\t\t\t<svg aria-hidden=\"true\" class=\"e-font-icon-svg e-fas-chevron-right\" viewBox=\"0 0 320 512\" xmlns=\"http:\/\/www.w3.org\/2000\/svg\"><path d=\"M285.476 272.971L91.132 467.314c-9.373 9.373-24.569 9.373-33.941 0l-22.667-22.667c-9.357-9.357-9.375-24.522-.04-33.901L188.505 256 34.484 101.255c-9.335-9.379-9.317-24.544.04-33.901l22.667-22.667c9.373-9.373 24.569-9.373 33.941 0L285.475 239.03c9.373 9.372 9.373 24.568.001 33.941z\"><\/path><\/svg>\t\t\t\t\t\t<\/span>\n\t\t\t\t\t\t\t\t\t\t<span class=\"elementor-icon-list-text\">Brown, J.D. 1995. The Elements of Language Curriculum: A Systematic Approach to Program Development. Boston, MA: Heinle &amp; Heinle.  <\/span>\n\t\t\t\t\t\t\t\t\t<\/li>\n\t\t\t\t\t\t\t\t<li class=\"elementor-icon-list-item\">\n\t\t\t\t\t\t\t\t\t\t\t<a href=\"https:\/\/www.scribd.com\/document\/389725158\/Research-and-Practice-in-Applied-Linguistics-Sandra-Gollin-Kies-David-R-Hall-Stephen-H-Moore-Auth-Language-for-Specific-Purposes-Palgrave-Mac\">\n\n\t\t\t\t\t\t\t\t\t\t\t\t<span class=\"elementor-icon-list-icon\">\n\t\t\t\t\t\t\t<svg aria-hidden=\"true\" class=\"e-font-icon-svg e-fas-chevron-right\" viewBox=\"0 0 320 512\" xmlns=\"http:\/\/www.w3.org\/2000\/svg\"><path d=\"M285.476 272.971L91.132 467.314c-9.373 9.373-24.569 9.373-33.941 0l-22.667-22.667c-9.357-9.357-9.375-24.522-.04-33.901L188.505 256 34.484 101.255c-9.335-9.379-9.317-24.544.04-33.901l22.667-22.667c9.373-9.373 24.569-9.373 33.941 0L285.475 239.03c9.373 9.372 9.373 24.568.001 33.941z\"><\/path><\/svg>\t\t\t\t\t\t<\/span>\n\t\t\t\t\t\t\t\t\t\t<span class=\"elementor-icon-list-text\">Gollin-Kies, Sandra, Hall, David R. &amp; Moore, Stephen H. 2015. Language for Specific Purposes.  <\/span>\n\t\t\t\t\t\t\t\t\t\t\t<\/a>\n\t\t\t\t\t\t\t\t\t<\/li>\n\t\t\t\t\t\t\t\t<li class=\"elementor-icon-list-item\">\n\t\t\t\t\t\t\t\t\t\t\t<a href=\"https:\/\/www.scribd.com\/document\/860888997\/Language-For-Specific-Purposes-Research-And-Translation-Across-Cultures-And-Media-1st-Edition-Giuliana-Elena-Garzone-Dermot-Heaney-Giorgia-Riboni-pdf\">\n\n\t\t\t\t\t\t\t\t\t\t\t\t<span class=\"elementor-icon-list-icon\">\n\t\t\t\t\t\t\t<svg aria-hidden=\"true\" class=\"e-font-icon-svg e-fas-chevron-right\" viewBox=\"0 0 320 512\" xmlns=\"http:\/\/www.w3.org\/2000\/svg\"><path d=\"M285.476 272.971L91.132 467.314c-9.373 9.373-24.569 9.373-33.941 0l-22.667-22.667c-9.357-9.357-9.375-24.522-.04-33.901L188.505 256 34.484 101.255c-9.335-9.379-9.317-24.544.04-33.901l22.667-22.667c9.373-9.373 24.569-9.373 33.941 0L285.475 239.03c9.373 9.372 9.373 24.568.001 33.941z\"><\/path><\/svg>\t\t\t\t\t\t<\/span>\n\t\t\t\t\t\t\t\t\t\t<span class=\"elementor-icon-list-text\">Garzone, Giuliana Elena, Heaney, Dermot &amp; Riboni, Giorgia. 2016. Language for Specific Purposes: Research and Translation across Cultures and Media. <\/span>\n\t\t\t\t\t\t\t\t\t\t\t<\/a>\n\t\t\t\t\t\t\t\t\t<\/li>\n\t\t\t\t\t\t\t\t<li class=\"elementor-icon-list-item\">\n\t\t\t\t\t\t\t\t\t\t\t<a href=\"https:\/\/www.researchgate.net\/publication\/323773628_Language_for_Specific_Purposes_Theory_and_Research.\">\n\n\t\t\t\t\t\t\t\t\t\t\t\t<span class=\"elementor-icon-list-icon\">\n\t\t\t\t\t\t\t<svg aria-hidden=\"true\" class=\"e-font-icon-svg e-fas-chevron-right\" viewBox=\"0 0 320 512\" xmlns=\"http:\/\/www.w3.org\/2000\/svg\"><path d=\"M285.476 272.971L91.132 467.314c-9.373 9.373-24.569 9.373-33.941 0l-22.667-22.667c-9.357-9.357-9.375-24.522-.04-33.901L188.505 256 34.484 101.255c-9.335-9.379-9.317-24.544.04-33.901l22.667-22.667c9.373-9.373 24.569-9.373 33.941 0L285.475 239.03c9.373 9.372 9.373 24.568.001 33.941z\"><\/path><\/svg>\t\t\t\t\t\t<\/span>\n\t\t\t\t\t\t\t\t\t\t<span class=\"elementor-icon-list-text\">Riordan, Emma. 2018. Language for Specific Purposes: Theory and Research.<\/span>\n\t\t\t\t\t\t\t\t\t\t\t<\/a>\n\t\t\t\t\t\t\t\t\t<\/li>\n\t\t\t\t\t\t<\/ul>\n\t\t\t\t\t\t<\/div>\n\t\t\t\t<\/div>\n\t\t\t\t\t<\/div>\n\t\t\t\t<\/div>\n\t\t<footer class=\"elementor-element elementor-element-2fc3683e e-con-full e-flex e-con e-parent\" data-id=\"2fc3683e\" data-element_type=\"container\" data-settings=\"{&quot;background_background&quot;:&quot;classic&quot;}\">\n\t\t<div class=\"elementor-element elementor-element-427345df e-con-full e-flex e-con e-child\" data-id=\"427345df\" data-element_type=\"container\">\n\t\t\t\t<div class=\"elementor-element elementor-element-282ded33 elementor-widget elementor-widget-image\" data-id=\"282ded33\" data-element_type=\"widget\" data-widget_type=\"image.default\">\n\t\t\t\t<div class=\"elementor-widget-container\">\n\t\t\t\t\t\t\t\t\t\t\t\t\t\t\t<img fetchpriority=\"high\" decoding=\"async\" width=\"1280\" height=\"292\" src=\"https:\/\/lspco.eu\/test\/wp-content\/uploads\/2025\/02\/nordplus-logo-white.png\" class=\"attachment-full size-full wp-image-1795\" alt=\"\" srcset=\"https:\/\/lspco.eu\/test\/wp-content\/uploads\/2025\/02\/nordplus-logo-white.png 1280w, https:\/\/lspco.eu\/test\/wp-content\/uploads\/2025\/02\/nordplus-logo-white-300x68.png 300w, https:\/\/lspco.eu\/test\/wp-content\/uploads\/2025\/02\/nordplus-logo-white-1024x234.png 1024w, https:\/\/lspco.eu\/test\/wp-content\/uploads\/2025\/02\/nordplus-logo-white-768x175.png 768w\" sizes=\"(max-width: 1280px) 100vw, 1280px\" \/>\t\t\t\t\t\t\t\t\t\t\t\t\t\t\t<\/div>\n\t\t\t\t<\/div>\n\t\t\t\t<\/div>\n\t\t\t\t<div class=\"elementor-element elementor-element-6830dbc0 elementor-widget__width-initial elementor-widget elementor-widget-spacer\" data-id=\"6830dbc0\" data-element_type=\"widget\" data-widget_type=\"spacer.default\">\n\t\t\t\t<div class=\"elementor-widget-container\">\n\t\t\t\t\t\t\t<div class=\"elementor-spacer\">\n\t\t\t<div class=\"elementor-spacer-inner\"><\/div>\n\t\t<\/div>\n\t\t\t\t\t\t<\/div>\n\t\t\t\t<\/div>\n\t\t\t\t<div class=\"elementor-element elementor-element-2a3ccdec elementor-widget__width-initial elementor-widget elementor-widget-heading\" data-id=\"2a3ccdec\" data-element_type=\"widget\" data-widget_type=\"heading.default\">\n\t\t\t\t<div class=\"elementor-widget-container\">\n\t\t\t\t\t<h6 class=\"elementor-heading-title elementor-size-default\"><br><br><br>Tyrim\u0173 ir pl\u0117tros projektas: Constructive collaboration among stakeholders for effective LSP classes in the Field of Higher and Professional Higher Education<\/h6>\t\t\t\t<\/div>\n\t\t\t\t<\/div>\n\t\t\t\t<div class=\"elementor-element elementor-element-131ce3e1 elementor-widget__width-initial elementor-widget elementor-widget-spacer\" data-id=\"131ce3e1\" data-element_type=\"widget\" data-widget_type=\"spacer.default\">\n\t\t\t\t<div class=\"elementor-widget-container\">\n\t\t\t\t\t\t\t<div class=\"elementor-spacer\">\n\t\t\t<div class=\"elementor-spacer-inner\"><\/div>\n\t\t<\/div>\n\t\t\t\t\t\t<\/div>\n\t\t\t\t<\/div>\n\t\t\t\t<div class=\"elementor-element elementor-element-8bc454f elementor-widget__width-initial elementor-widget elementor-widget-heading\" data-id=\"8bc454f\" data-element_type=\"widget\" data-widget_type=\"heading.default\">\n\t\t\t\t<div class=\"elementor-widget-container\">\n\t\t\t\t\t<h6 class=\"elementor-heading-title elementor-size-default\"><br><br><br>Finansininkas: NordPlus Adult 2023-2025<\/h6>\t\t\t\t<\/div>\n\t\t\t\t<\/div>\n\t\t\t\t<div class=\"elementor-element elementor-element-73811c9a elementor-widget__width-initial elementor-widget elementor-widget-spacer\" data-id=\"73811c9a\" data-element_type=\"widget\" data-widget_type=\"spacer.default\">\n\t\t\t\t<div class=\"elementor-widget-container\">\n\t\t\t\t\t\t\t<div class=\"elementor-spacer\">\n\t\t\t<div class=\"elementor-spacer-inner\"><\/div>\n\t\t<\/div>\n\t\t\t\t\t\t<\/div>\n\t\t\t\t<\/div>\n\t\t\t\t<div class=\"elementor-element elementor-element-162cd875 elementor-widget elementor-widget-heading\" data-id=\"162cd875\" data-element_type=\"widget\" data-widget_type=\"heading.default\">\n\t\t\t\t<div class=\"elementor-widget-container\">\n\t\t\t\t\t<h6 class=\"elementor-heading-title elementor-size-default\"><br><br><br>Koordinuojanti institucija: Estonian Academy of Security Sciences <span>(kilus klausimams, kreipkit\u0117s keelekeskus@sisekaitse.ee)<\/span><br><br>Partneriai: <br>Vilnius University<br>Estonian Aviation Academy<br>Finnish Border and Coast Guard Academy<\/h6>\t\t\t\t<\/div>\n\t\t\t\t<\/div>\n\t\t\t\t<div class=\"elementor-element elementor-element-45ff064f elementor-widget elementor-widget-spacer\" data-id=\"45ff064f\" data-element_type=\"widget\" data-widget_type=\"spacer.default\">\n\t\t\t\t<div class=\"elementor-widget-container\">\n\t\t\t\t\t\t\t<div class=\"elementor-spacer\">\n\t\t\t<div class=\"elementor-spacer-inner\"><\/div>\n\t\t<\/div>\n\t\t\t\t\t\t<\/div>\n\t\t\t\t<\/div>\n\t\t\t\t<\/footer>\n\t\t<div class=\"elementor-element elementor-element-15ac8e84 e-con-full e-flex e-con e-parent\" data-id=\"15ac8e84\" data-element_type=\"container\" data-settings=\"{&quot;background_background&quot;:&quot;classic&quot;}\">\n\t\t\t\t<div class=\"elementor-element elementor-element-6fc0bbf elementor-widget elementor-widget-heading\" data-id=\"6fc0bbf\" data-element_type=\"widget\" data-widget_type=\"heading.default\">\n\t\t\t\t<div class=\"elementor-widget-container\">\n\t\t\t\t\t<p class=\"elementor-heading-title elementor-size-default\">\u00a9 All Rights Reserved.<\/p>\t\t\t\t<\/div>\n\t\t\t\t<\/div>\n\t\t\t\t<\/div>\n\t\t\t\t<\/div>\n\t\t","protected":false},"excerpt":{"rendered":"<p>Specializuotos kalbos mokymas (LSP) yra pla\u010diai naudojamas antrosios ir u\u017esienio kalbos mokymo metodas, skirtas patenkinti neatid\u0117liotinus ir labai specifinius poreikius besimokan\u010di\u0173j\u0173, kuriems kalba reikalinga kaip funkcin\u0117 priemon\u0117 j\u0173 i\u0161silavinimui, mokymui ar profesijai (Gollin-Kies ir kt., 2015; Garzone ir kt., 2016; Riordan, 2018).Mokant bendrosios kalbos d\u0117mesys skiriamas kalbos \u012fg\u016bd\u017ei\u0173 \u012fgijimui, kit\u0173 kult\u016br\u0173 pa\u017einimui ir j\u0173 vertinimui, [&hellip;]<\/p>\n","protected":false},"author":1,"featured_media":0,"parent":0,"menu_order":0,"comment_status":"closed","ping_status":"closed","template":"","meta":{"footnotes":""},"class_list":["post-1801","page","type-page","status-publish","hentry"],"_links":{"self":[{"href":"https:\/\/lspco.eu\/test\/lt\/wp-json\/wp\/v2\/pages\/1801","targetHints":{"allow":["GET"]}}],"collection":[{"href":"https:\/\/lspco.eu\/test\/lt\/wp-json\/wp\/v2\/pages"}],"about":[{"href":"https:\/\/lspco.eu\/test\/lt\/wp-json\/wp\/v2\/types\/page"}],"author":[{"embeddable":true,"href":"https:\/\/lspco.eu\/test\/lt\/wp-json\/wp\/v2\/users\/1"}],"replies":[{"embeddable":true,"href":"https:\/\/lspco.eu\/test\/lt\/wp-json\/wp\/v2\/comments?post=1801"}],"version-history":[{"count":4,"href":"https:\/\/lspco.eu\/test\/lt\/wp-json\/wp\/v2\/pages\/1801\/revisions"}],"predecessor-version":[{"id":1844,"href":"https:\/\/lspco.eu\/test\/lt\/wp-json\/wp\/v2\/pages\/1801\/revisions\/1844"}],"wp:attachment":[{"href":"https:\/\/lspco.eu\/test\/lt\/wp-json\/wp\/v2\/media?parent=1801"}],"curies":[{"name":"wp","href":"https:\/\/api.w.org\/{rel}","templated":true}]}}