{"id":1788,"date":"2025-01-29T08:44:06","date_gmt":"2025-01-29T08:44:06","guid":{"rendered":"https:\/\/lspco.eu\/test\/pagrindinis-puslapis\/"},"modified":"2025-09-12T15:12:22","modified_gmt":"2025-09-12T15:12:22","slug":"pagrindinis-puslapis","status":"publish","type":"page","link":"https:\/\/lspco.eu\/test\/lt\/","title":{"rendered":"Pagrindinis puslapis"},"content":{"rendered":"\t\t<div data-elementor-type=\"wp-post\" data-elementor-id=\"1788\" class=\"elementor elementor-1788 elementor-10\">\n\t\t\t\t<div class=\"elementor-element elementor-element-b54f15e e-flex e-con-boxed e-con e-parent\" data-id=\"b54f15e\" data-element_type=\"container\">\n\t\t\t\t\t<div class=\"e-con-inner\">\n\t\t\t\t<div class=\"elementor-element elementor-element-67a601f elementor-widget elementor-widget-spacer\" data-id=\"67a601f\" data-element_type=\"widget\" data-widget_type=\"spacer.default\">\n\t\t\t\t<div class=\"elementor-widget-container\">\n\t\t\t\t\t\t\t<div class=\"elementor-spacer\">\n\t\t\t<div class=\"elementor-spacer-inner\"><\/div>\n\t\t<\/div>\n\t\t\t\t\t\t<\/div>\n\t\t\t\t<\/div>\n\t\t\t\t\t<\/div>\n\t\t\t\t<\/div>\n\t\t<div class=\"elementor-element elementor-element-3e73986 e-flex e-con-boxed e-con e-parent\" data-id=\"3e73986\" data-element_type=\"container\">\n\t\t\t\t\t<div class=\"e-con-inner\">\n\t\t\t\t<div class=\"elementor-element elementor-element-7661b44 elementor-widget elementor-widget-heading\" data-id=\"7661b44\" data-element_type=\"widget\" data-widget_type=\"heading.default\">\n\t\t\t\t<div class=\"elementor-widget-container\">\n\t\t\t\t\t<h1 class=\"elementor-heading-title elementor-size-default\">Sveiki atvyk\u0119 \u012f m\u016bs\u0173 svetain\u0119<\/h1>\t\t\t\t<\/div>\n\t\t\t\t<\/div>\n\t\t\t\t\t<\/div>\n\t\t\t\t<\/div>\n\t\t<div class=\"elementor-element elementor-element-d4995f5 e-con-full e-flex e-con e-parent\" data-id=\"d4995f5\" data-element_type=\"container\">\n\t\t<div class=\"elementor-element elementor-element-c25f42e e-con-full e-flex e-con e-child\" data-id=\"c25f42e\" data-element_type=\"container\">\n\t\t\t\t<div class=\"elementor-element elementor-element-8d03240 elementor-widget elementor-widget-text-editor\" data-id=\"8d03240\" data-element_type=\"widget\" data-widget_type=\"text-editor.default\">\n\t\t\t\t<div class=\"elementor-widget-container\">\n\t\t\t\t\t\t\t\t\t<p><span style=\"font-weight: 400;\">Mokant profesines kalbas, b\u016btinas veiksmingas ir gerai suplanuotas bendradarbiavimas tarp vis\u0173 \u0161ali\u0173 \u2013 besimokan\u010di\u0173j\u0173, kalb\u0173 d\u0117stytoj\u0173, specialyb\u0117s d\u0117stytoj\u0173 ir darbdavi\u0173. M\u016bs\u0173 tikslas \u2013 suburti visas suinteresuot\u0105sias \u0161alis, kad kartu pagerintume specializuotos u\u017esienio kalbos (LSP) mokymo kokyb\u0119. \u0160is tinklalapis, sukurtas bendradarbiaujant \u0160iaur\u0117s ir Baltijos \u0161alims, leid\u017eia mums dalytis geriausia praktika, patirtimi ir veiksmingais LSP mokymo sprendimais.<\/span><\/p><p>\u00a0<\/p><p>\u010cia rasite:<\/p><ul><li aria-level=\"1\"><strong>gaires ir pavyzd\u017eius<\/strong>, kaip rengti ir vesti LSP u\u017esi\u0117mimus bendradarbiaujant su dalyk\u0173 ekspertais ir studentais;<\/li><li aria-level=\"1\"><strong>veiksmingas bendradarbiavimo formas ir metodus<\/strong>, jungian\u010dius dalyk\u0173 mokym\u0105 su kalb\u0173 mokymu;<\/li><li aria-level=\"1\"><strong>geriausi\u0105 praktik\u0105 ir bendr\u0105 patirt\u012f <\/strong>i\u0161 partneri\u0173 universitet\u0173, turin\u010di\u0173 \u012fvairi\u0105 patirt\u012f;<\/li><li aria-level=\"1\"><strong>\u012frankius ir scenarijus<\/strong>, kurie paai\u0161kina ir sustiprina vis\u0173 suinteresuot\u0173j\u0173 \u0161ali\u0173, dalyvaujan\u010di\u0173 LSP mokyme, vaidmenis.<\/li><\/ul><p>\u00a0<\/p><p><span style=\"font-weight: 400;\">Svetain\u0117 skirta visiems, besidomintiems LSP mokymu ir tobulinimu \u2013 tiek d\u0117stytojams, tiek studentams, tiek dalyk\u0173 ekspertams.<\/span><\/p><p>\u00a0<\/p><p><span style=\"font-weight: 400;\">\u017denkime \u017eingsn\u012f \u012f priek\u012f kartu siekdami auk\u0161tesn\u0117s kokyb\u0117s ir prasmingesnio LSP mokymo!<\/span><\/p><p>\u00a0<\/p><p><span style=\"font-weight: 400;\">Svetain\u0117 buvo sukurta remiantis \u201eNordplus\u201c finansuojamo mokslini\u0173 tyrim\u0173 ir pl\u0117tros projekto<\/span><span style=\"font-weight: 400;\"> \u201e<\/span><b>Konstruktyvus suinteresuot\u0173j\u0173 \u0161ali\u0173 bendradarbiavimas siekiant efektyvaus specializuotos kalbos mokymo auk\u0161tojo ir profesinio auk\u0161tojo mokslo srityje\u201c<\/b> tyrimais. <span style=\"font-weight: 400;\">\u0160io projekto metu buvo organizuojami ir analizuojami interviu su \u012fvairiomis specializuotos kalbos mokymo srityje dalyvaujan\u010diomis \u0161alimis.<\/span><\/p>\t\t\t\t\t\t\t\t<\/div>\n\t\t\t\t<\/div>\n\t\t\t\t<\/div>\n\t\t\t\t<div class=\"elementor-element elementor-element-21f021b elementor-widget__width-initial elementor-widget elementor-widget-image\" data-id=\"21f021b\" data-element_type=\"widget\" data-widget_type=\"image.default\">\n\t\t\t\t<div class=\"elementor-widget-container\">\n\t\t\t\t\t\t\t\t\t\t\t\t\t\t\t<img fetchpriority=\"high\" decoding=\"async\" width=\"768\" height=\"673\" src=\"https:\/\/lspco.eu\/test\/wp-content\/uploads\/2025\/09\/NordPlus-projekt-LT-scaled.jpg\" class=\"attachment-medium_large size-medium_large wp-image-1832\" alt=\"\" srcset=\"https:\/\/lspco.eu\/test\/wp-content\/uploads\/2025\/09\/NordPlus-projekt-LT-scaled.jpg 2560w, https:\/\/lspco.eu\/test\/wp-content\/uploads\/2025\/09\/NordPlus-projekt-LT-300x263.jpg 300w, https:\/\/lspco.eu\/test\/wp-content\/uploads\/2025\/09\/NordPlus-projekt-LT-1024x897.jpg 1024w\" sizes=\"(max-width: 768px) 100vw, 768px\" \/>\t\t\t\t\t\t\t\t\t\t\t\t\t\t\t<\/div>\n\t\t\t\t<\/div>\n\t\t\t\t<\/div>\n\t\t<div class=\"elementor-element elementor-element-7cb741a e-flex e-con-boxed e-con e-parent\" data-id=\"7cb741a\" data-element_type=\"container\">\n\t\t\t\t\t<div class=\"e-con-inner\">\n\t\t\t\t<div class=\"elementor-element elementor-element-00b8df3 elementor-widget elementor-widget-heading\" data-id=\"00b8df3\" data-element_type=\"widget\" data-widget_type=\"heading.default\">\n\t\t\t\t<div class=\"elementor-widget-container\">\n\t\t\t\t\t<h2 class=\"elementor-heading-title elementor-size-default\">Nor\u0117dami pamatyti daugiau, spustel\u0117kite \u010dia:<\/h2>\t\t\t\t<\/div>\n\t\t\t\t<\/div>\n\t\t\t\t\t<\/div>\n\t\t\t\t<\/div>\n\t\t<div class=\"elementor-element elementor-element-1a246c7 e-grid e-con-boxed e-con e-parent\" data-id=\"1a246c7\" data-element_type=\"container\">\n\t\t\t\t\t<div class=\"e-con-inner\">\n\t\t\t\t<div class=\"elementor-element elementor-element-4b6bc9e elementor-align-center elementor-widget elementor-widget-button\" data-id=\"4b6bc9e\" data-element_type=\"widget\" data-widget_type=\"button.default\">\n\t\t\t\t<div class=\"elementor-widget-container\">\n\t\t\t\t\t\t\t\t\t<div class=\"elementor-button-wrapper\">\n\t\t\t\t\t<a class=\"elementor-button elementor-button-link elementor-size-sm elementor-animation-pulse\" href=\"https:\/\/lspco.eu\/test\/lt\/kas-yra-lsp\/\">\n\t\t\t\t\t\t<span class=\"elementor-button-content-wrapper\">\n\t\t\t\t\t\t\t\t\t<span class=\"elementor-button-text\">Kas yra LSP?<\/span>\n\t\t\t\t\t<\/span>\n\t\t\t\t\t<\/a>\n\t\t\t\t<\/div>\n\t\t\t\t\t\t\t\t<\/div>\n\t\t\t\t<\/div>\n\t\t\t\t<div class=\"elementor-element elementor-element-72cbc02 elementor-align-center elementor-widget elementor-widget-button\" data-id=\"72cbc02\" data-element_type=\"widget\" data-widget_type=\"button.default\">\n\t\t\t\t<div class=\"elementor-widget-container\">\n\t\t\t\t\t\t\t\t\t<div class=\"elementor-button-wrapper\">\n\t\t\t\t\t<a class=\"elementor-button elementor-button-link elementor-size-sm elementor-animation-pulse\" href=\"https:\/\/lspco.eu\/test\/lt\/kalbos-mokytojas\/\">\n\t\t\t\t\t\t<span class=\"elementor-button-content-wrapper\">\n\t\t\t\t\t\t\t\t\t<span class=\"elementor-button-text\">Kalbos mokytojas<\/span>\n\t\t\t\t\t<\/span>\n\t\t\t\t\t<\/a>\n\t\t\t\t<\/div>\n\t\t\t\t\t\t\t\t<\/div>\n\t\t\t\t<\/div>\n\t\t\t\t<div class=\"elementor-element elementor-element-473257c elementor-align-center elementor-widget elementor-widget-button\" data-id=\"473257c\" data-element_type=\"widget\" data-widget_type=\"button.default\">\n\t\t\t\t<div class=\"elementor-widget-container\">\n\t\t\t\t\t\t\t\t\t<div class=\"elementor-button-wrapper\">\n\t\t\t\t\t<a class=\"elementor-button elementor-button-link elementor-size-sm elementor-animation-pulse\" href=\"https:\/\/lspco.eu\/test\/lt\/specialybes-mokytojas\/\">\n\t\t\t\t\t\t<span class=\"elementor-button-content-wrapper\">\n\t\t\t\t\t\t\t\t\t<span class=\"elementor-button-text\">Specialyb\u0117s mokytojas<\/span>\n\t\t\t\t\t<\/span>\n\t\t\t\t\t<\/a>\n\t\t\t\t<\/div>\n\t\t\t\t\t\t\t\t<\/div>\n\t\t\t\t<\/div>\n\t\t\t\t<div class=\"elementor-element elementor-element-5617e3e elementor-align-center elementor-widget elementor-widget-button\" data-id=\"5617e3e\" data-element_type=\"widget\" data-widget_type=\"button.default\">\n\t\t\t\t<div class=\"elementor-widget-container\">\n\t\t\t\t\t\t\t\t\t<div class=\"elementor-button-wrapper\">\n\t\t\t\t\t<a class=\"elementor-button elementor-button-link elementor-size-sm elementor-animation-pulse\" href=\"https:\/\/lspco.eu\/test\/lt\/studentas\/\">\n\t\t\t\t\t\t<span class=\"elementor-button-content-wrapper\">\n\t\t\t\t\t\t\t\t\t<span class=\"elementor-button-text\">Studentas<\/span>\n\t\t\t\t\t<\/span>\n\t\t\t\t\t<\/a>\n\t\t\t\t<\/div>\n\t\t\t\t\t\t\t\t<\/div>\n\t\t\t\t<\/div>\n\t\t\t\t<div class=\"elementor-element elementor-element-7738c01 elementor-align-center elementor-widget elementor-widget-button\" data-id=\"7738c01\" data-element_type=\"widget\" data-widget_type=\"button.default\">\n\t\t\t\t<div class=\"elementor-widget-container\">\n\t\t\t\t\t\t\t\t\t<div class=\"elementor-button-wrapper\">\n\t\t\t\t\t<a class=\"elementor-button elementor-button-link elementor-size-sm elementor-animation-pulse\" href=\"https:\/\/lspco.eu\/test\/lt\/bendradarbiavimo-modelis-darbdaviui\/\">\n\t\t\t\t\t\t<span class=\"elementor-button-content-wrapper\">\n\t\t\t\t\t\t\t\t\t<span class=\"elementor-button-text\">Darbdavys<\/span>\n\t\t\t\t\t<\/span>\n\t\t\t\t\t<\/a>\n\t\t\t\t<\/div>\n\t\t\t\t\t\t\t\t<\/div>\n\t\t\t\t<\/div>\n\t\t\t\t\t<\/div>\n\t\t\t\t<\/div>\n\t\t<footer class=\"elementor-element elementor-element-60d97888 e-con-full e-flex e-con e-parent\" data-id=\"60d97888\" data-element_type=\"container\" data-settings=\"{&quot;background_background&quot;:&quot;classic&quot;}\">\n\t\t<div class=\"elementor-element elementor-element-1d7294ec e-con-full e-flex e-con e-child\" data-id=\"1d7294ec\" data-element_type=\"container\">\n\t\t\t\t<div class=\"elementor-element elementor-element-49526d9c elementor-widget elementor-widget-image\" data-id=\"49526d9c\" data-element_type=\"widget\" data-widget_type=\"image.default\">\n\t\t\t\t<div class=\"elementor-widget-container\">\n\t\t\t\t\t\t\t\t\t\t\t\t\t\t\t<img decoding=\"async\" width=\"1280\" height=\"292\" src=\"https:\/\/lspco.eu\/test\/wp-content\/uploads\/2025\/02\/nordplus-logo-white.png\" class=\"attachment-full size-full wp-image-1795\" alt=\"\" srcset=\"https:\/\/lspco.eu\/test\/wp-content\/uploads\/2025\/02\/nordplus-logo-white.png 1280w, https:\/\/lspco.eu\/test\/wp-content\/uploads\/2025\/02\/nordplus-logo-white-300x68.png 300w, https:\/\/lspco.eu\/test\/wp-content\/uploads\/2025\/02\/nordplus-logo-white-1024x234.png 1024w, https:\/\/lspco.eu\/test\/wp-content\/uploads\/2025\/02\/nordplus-logo-white-768x175.png 768w\" sizes=\"(max-width: 1280px) 100vw, 1280px\" \/>\t\t\t\t\t\t\t\t\t\t\t\t\t\t\t<\/div>\n\t\t\t\t<\/div>\n\t\t\t\t<\/div>\n\t\t\t\t<div class=\"elementor-element elementor-element-b573ec8 elementor-widget__width-initial elementor-widget elementor-widget-spacer\" data-id=\"b573ec8\" data-element_type=\"widget\" data-widget_type=\"spacer.default\">\n\t\t\t\t<div class=\"elementor-widget-container\">\n\t\t\t\t\t\t\t<div class=\"elementor-spacer\">\n\t\t\t<div class=\"elementor-spacer-inner\"><\/div>\n\t\t<\/div>\n\t\t\t\t\t\t<\/div>\n\t\t\t\t<\/div>\n\t\t\t\t<div class=\"elementor-element elementor-element-eed201f elementor-widget__width-initial elementor-widget elementor-widget-heading\" data-id=\"eed201f\" data-element_type=\"widget\" data-widget_type=\"heading.default\">\n\t\t\t\t<div class=\"elementor-widget-container\">\n\t\t\t\t\t<h6 class=\"elementor-heading-title elementor-size-default\"><br><br><br>Tyrim\u0173 ir pl\u0117tros projektas: Constructive collaboration among stakeholders for effective LSP classes in the Field of Higher and Professional Higher Education<\/h6>\t\t\t\t<\/div>\n\t\t\t\t<\/div>\n\t\t\t\t<div class=\"elementor-element elementor-element-1559019 elementor-widget__width-initial elementor-widget elementor-widget-spacer\" data-id=\"1559019\" data-element_type=\"widget\" data-widget_type=\"spacer.default\">\n\t\t\t\t<div class=\"elementor-widget-container\">\n\t\t\t\t\t\t\t<div class=\"elementor-spacer\">\n\t\t\t<div class=\"elementor-spacer-inner\"><\/div>\n\t\t<\/div>\n\t\t\t\t\t\t<\/div>\n\t\t\t\t<\/div>\n\t\t\t\t<div class=\"elementor-element elementor-element-36e2fd1 elementor-widget__width-initial elementor-widget elementor-widget-heading\" data-id=\"36e2fd1\" data-element_type=\"widget\" data-widget_type=\"heading.default\">\n\t\t\t\t<div class=\"elementor-widget-container\">\n\t\t\t\t\t<h6 class=\"elementor-heading-title elementor-size-default\"><br><br><br>Finansininkas: NordPlus Adult 2023-2025<\/h6>\t\t\t\t<\/div>\n\t\t\t\t<\/div>\n\t\t\t\t<div class=\"elementor-element elementor-element-46b7def elementor-widget__width-initial elementor-widget elementor-widget-spacer\" data-id=\"46b7def\" data-element_type=\"widget\" data-widget_type=\"spacer.default\">\n\t\t\t\t<div class=\"elementor-widget-container\">\n\t\t\t\t\t\t\t<div class=\"elementor-spacer\">\n\t\t\t<div class=\"elementor-spacer-inner\"><\/div>\n\t\t<\/div>\n\t\t\t\t\t\t<\/div>\n\t\t\t\t<\/div>\n\t\t\t\t<div class=\"elementor-element elementor-element-cd74c6f elementor-widget elementor-widget-heading\" data-id=\"cd74c6f\" data-element_type=\"widget\" data-widget_type=\"heading.default\">\n\t\t\t\t<div class=\"elementor-widget-container\">\n\t\t\t\t\t<h6 class=\"elementor-heading-title elementor-size-default\"><br><br><br>Koordinuojanti institucija: Estonian Academy of Security Sciences (kilus klausimams, susisiekite keelekeskus@sisekaitse.ee)<br><br>Partneriai: <br>Vilnius University<br>Estonian Aviation Academy<br>Finnish Border and Coast Guard Academy<\/h6>\t\t\t\t<\/div>\n\t\t\t\t<\/div>\n\t\t\t\t<div class=\"elementor-element elementor-element-3a071be elementor-widget__width-initial elementor-widget elementor-widget-spacer\" data-id=\"3a071be\" data-element_type=\"widget\" data-widget_type=\"spacer.default\">\n\t\t\t\t<div class=\"elementor-widget-container\">\n\t\t\t\t\t\t\t<div class=\"elementor-spacer\">\n\t\t\t<div class=\"elementor-spacer-inner\"><\/div>\n\t\t<\/div>\n\t\t\t\t\t\t<\/div>\n\t\t\t\t<\/div>\n\t\t\t\t<\/footer>\n\t\t<div class=\"elementor-element elementor-element-348efd74 e-con-full e-flex e-con e-parent\" data-id=\"348efd74\" data-element_type=\"container\" data-settings=\"{&quot;background_background&quot;:&quot;classic&quot;}\">\n\t\t\t\t<div class=\"elementor-element elementor-element-5a795ba0 elementor-widget elementor-widget-heading\" data-id=\"5a795ba0\" data-element_type=\"widget\" data-widget_type=\"heading.default\">\n\t\t\t\t<div class=\"elementor-widget-container\">\n\t\t\t\t\t<p class=\"elementor-heading-title elementor-size-default\">\u00a9 All Rights Reserved.<\/p>\t\t\t\t<\/div>\n\t\t\t\t<\/div>\n\t\t\t\t<\/div>\n\t\t\t\t<\/div>\n\t\t","protected":false},"excerpt":{"rendered":"<p>Sveiki atvyk\u0119 \u012f m\u016bs\u0173 svetain\u0119 Mokant profesines kalbas, b\u016btinas veiksmingas ir gerai suplanuotas bendradarbiavimas tarp vis\u0173 \u0161ali\u0173 \u2013 besimokan\u010di\u0173j\u0173, kalb\u0173 d\u0117stytoj\u0173, specialyb\u0117s d\u0117stytoj\u0173 ir darbdavi\u0173. M\u016bs\u0173 tikslas \u2013 suburti visas suinteresuot\u0105sias \u0161alis, kad kartu pagerintume specializuotos u\u017esienio kalbos (LSP) mokymo kokyb\u0119. \u0160is tinklalapis, sukurtas bendradarbiaujant \u0160iaur\u0117s ir Baltijos \u0161alims, leid\u017eia mums dalytis geriausia praktika, patirtimi [&hellip;]<\/p>\n","protected":false},"author":1,"featured_media":1797,"parent":0,"menu_order":0,"comment_status":"closed","ping_status":"closed","template":"","meta":{"footnotes":""},"class_list":["post-1788","page","type-page","status-publish","has-post-thumbnail","hentry"],"_links":{"self":[{"href":"https:\/\/lspco.eu\/test\/lt\/wp-json\/wp\/v2\/pages\/1788","targetHints":{"allow":["GET"]}}],"collection":[{"href":"https:\/\/lspco.eu\/test\/lt\/wp-json\/wp\/v2\/pages"}],"about":[{"href":"https:\/\/lspco.eu\/test\/lt\/wp-json\/wp\/v2\/types\/page"}],"author":[{"embeddable":true,"href":"https:\/\/lspco.eu\/test\/lt\/wp-json\/wp\/v2\/users\/1"}],"replies":[{"embeddable":true,"href":"https:\/\/lspco.eu\/test\/lt\/wp-json\/wp\/v2\/comments?post=1788"}],"version-history":[{"count":11,"href":"https:\/\/lspco.eu\/test\/lt\/wp-json\/wp\/v2\/pages\/1788\/revisions"}],"predecessor-version":[{"id":1841,"href":"https:\/\/lspco.eu\/test\/lt\/wp-json\/wp\/v2\/pages\/1788\/revisions\/1841"}],"wp:featuredmedia":[{"embeddable":true,"href":"https:\/\/lspco.eu\/test\/lt\/wp-json\/wp\/v2\/media\/1797"}],"wp:attachment":[{"href":"https:\/\/lspco.eu\/test\/lt\/wp-json\/wp\/v2\/media?parent=1788"}],"curies":[{"name":"wp","href":"https:\/\/api.w.org\/{rel}","templated":true}]}}