{"id":1717,"date":"2025-01-29T08:44:06","date_gmt":"2025-01-29T08:44:06","guid":{"rendered":"https:\/\/lspco.eu\/test\/kotisivu\/"},"modified":"2025-09-12T12:40:48","modified_gmt":"2025-09-12T12:40:48","slug":"kotisivu","status":"publish","type":"page","link":"https:\/\/lspco.eu\/test\/fi\/","title":{"rendered":"Kotisivu"},"content":{"rendered":"\t\t<div data-elementor-type=\"wp-post\" data-elementor-id=\"1717\" class=\"elementor elementor-1717 elementor-10\">\n\t\t\t\t<div class=\"elementor-element elementor-element-b54f15e e-flex e-con-boxed e-con e-parent\" data-id=\"b54f15e\" data-element_type=\"container\">\n\t\t\t\t\t<div class=\"e-con-inner\">\n\t\t\t\t<div class=\"elementor-element elementor-element-67a601f elementor-widget elementor-widget-spacer\" data-id=\"67a601f\" data-element_type=\"widget\" data-widget_type=\"spacer.default\">\n\t\t\t\t<div class=\"elementor-widget-container\">\n\t\t\t\t\t\t\t<div class=\"elementor-spacer\">\n\t\t\t<div class=\"elementor-spacer-inner\"><\/div>\n\t\t<\/div>\n\t\t\t\t\t\t<\/div>\n\t\t\t\t<\/div>\n\t\t\t\t\t<\/div>\n\t\t\t\t<\/div>\n\t\t<div class=\"elementor-element elementor-element-3e73986 e-flex e-con-boxed e-con e-parent\" data-id=\"3e73986\" data-element_type=\"container\">\n\t\t\t\t\t<div class=\"e-con-inner\">\n\t\t\t\t<div class=\"elementor-element elementor-element-7661b44 elementor-widget elementor-widget-heading\" data-id=\"7661b44\" data-element_type=\"widget\" data-widget_type=\"heading.default\">\n\t\t\t\t<div class=\"elementor-widget-container\">\n\t\t\t\t\t<h1 class=\"elementor-heading-title elementor-size-default\">Tervetuloa verkkosivuillemme!<\/h1>\t\t\t\t<\/div>\n\t\t\t\t<\/div>\n\t\t\t\t\t<\/div>\n\t\t\t\t<\/div>\n\t\t<div class=\"elementor-element elementor-element-d4995f5 e-con-full e-flex e-con e-parent\" data-id=\"d4995f5\" data-element_type=\"container\">\n\t\t<div class=\"elementor-element elementor-element-c25f42e e-con-full e-flex e-con e-child\" data-id=\"c25f42e\" data-element_type=\"container\">\n\t\t\t\t<div class=\"elementor-element elementor-element-8d03240 elementor-widget elementor-widget-text-editor\" data-id=\"8d03240\" data-element_type=\"widget\" data-widget_type=\"text-editor.default\">\n\t\t\t\t<div class=\"elementor-widget-container\">\n\t\t\t\t\t\t\t\t\t<p><span style=\"font-weight: 400;\">Ammattikielten opetuksessa tehokas ja hyvin suunniteltu yhteisty\u00f6 on olennaista kaikkien osapuolten \u2013 opiskelijoiden, kieltenopettajien, ammattillisen aineen opettajien ja ty\u00f6nantajien \u2013 kesken. Tavoitteenamme on tuoda kaikki sidosryhm\u00e4t yhteen parantamaan yhteisvoimin eritysalan kielen opetuksen (LSP) laatua. T\u00e4m\u00e4 verkkosivu on luotu Pohjoismaiden ja Baltian maiden yhteisty\u00f6n\u00e4, ja sen avulla voimme jakaa LSP- opetuksen hyvi\u00e4 k\u00e4yt\u00e4nt\u00f6j\u00e4, kokemuksia ja toimivia ratkaisuja. <\/span><\/p><p>\u00a0<\/p><p>T\u00e4\u00e4lt\u00e4 l\u00f6yd\u00e4t:<\/p><ul><li aria-level=\"1\"><strong>ohjeita ja esimerkkej\u00e4<\/strong> ammattikielten opetuksen valmisteluun ja toteuttamiseen yhteisty\u00f6ss\u00e4 aineen asiantuntijoiden ja opiskelijoiden kanssa;<\/li><li aria-level=\"1\"><strong>tehokkaita yhteisty\u00f6muotoja ja -menetelmi\u00e4,<\/strong> jotka yhdist\u00e4v\u00e4t ammatillisen aineen opetuksen ja kielten oppimisen;<\/li><li aria-level=\"1\"><strong>parhaita k\u00e4yt\u00e4nteit\u00e4 ja jaettuja kokemuksia<\/strong> eri taustoja edustavilta kumppaniyliopistoilta;<\/li><li aria-level=\"1\"><strong>ty\u00f6kaluja ja skenaarioita,<\/strong> jotka selvent\u00e4v\u00e4t ja vahvistavat kaikkien LSP- opetukseen osallistuvien sidosryhmien rooleja.<\/li><\/ul><p>\u00a0<\/p><p><span style=\"font-weight: 400;\">Verkkosivu on suunniteltu kaikille SLP-opetuksesta ja sen kehitt\u00e4misest\u00e4 kiinnostuneille \u2013 niin opettajille, opiskelijoille kuin aineen asiantuntijoillekin.<\/span><\/p><p>\u00a0<\/p><p><span style=\"font-weight: 400;\">Otetaan yhdess\u00e4 askel eteenp\u00e4in kohti laadukkaampaa ja merkityksellisemp\u00e4\u00e4 LSP- opetusta!<\/span><\/p><p>\u00a0<\/p><p><span style=\"font-weight: 400;\">Verkkosivusto on luotu Nordplus-rahoitteisen tutkimus- ja kehitt\u00e4mishankkeen<\/span> <b>\u201dSidosryhmien rakentava yhteisty\u00f6 erityisalan kielen tehokkaaksi opettamiseksi korkea- ja ammattikorkeakoulutuksessa\u201d<\/b> <span style=\"font-weight: 400;\">tutkimusten tuloksena. Hankkeessa j\u00e4rjestettiin ja analysoitiin fokusryhm\u00e4haastatteluja erityisalan kielen opetukseen osallistuvien eri tahojen kanssa.<\/span><\/p>\t\t\t\t\t\t\t\t<\/div>\n\t\t\t\t<\/div>\n\t\t\t\t<\/div>\n\t\t<div class=\"elementor-element elementor-element-7a50c4d e-con-full e-flex e-con e-child\" data-id=\"7a50c4d\" data-element_type=\"container\">\n\t\t\t\t<div class=\"elementor-element elementor-element-d7354a2 elementor-widget elementor-widget-image\" data-id=\"d7354a2\" data-element_type=\"widget\" data-widget_type=\"image.default\">\n\t\t\t\t<div class=\"elementor-widget-container\">\n\t\t\t\t\t\t\t\t\t\t\t\t\t\t\t<img fetchpriority=\"high\" decoding=\"async\" width=\"768\" height=\"673\" src=\"https:\/\/lspco.eu\/test\/wp-content\/uploads\/2025\/09\/NordPlus-projekt-FIN-768x673.jpg\" class=\"attachment-medium_large size-medium_large wp-image-1741\" alt=\"\" srcset=\"https:\/\/lspco.eu\/test\/wp-content\/uploads\/2025\/09\/NordPlus-projekt-FIN-768x673.jpg 768w, https:\/\/lspco.eu\/test\/wp-content\/uploads\/2025\/09\/NordPlus-projekt-FIN-300x263.jpg 300w, https:\/\/lspco.eu\/test\/wp-content\/uploads\/2025\/09\/NordPlus-projekt-FIN-1024x897.jpg 1024w\" sizes=\"(max-width: 768px) 100vw, 768px\" \/>\t\t\t\t\t\t\t\t\t\t\t\t\t\t\t<\/div>\n\t\t\t\t<\/div>\n\t\t\t\t<\/div>\n\t\t\t\t<\/div>\n\t\t<div class=\"elementor-element elementor-element-7cb741a e-flex e-con-boxed e-con e-parent\" data-id=\"7cb741a\" data-element_type=\"container\">\n\t\t\t\t\t<div class=\"e-con-inner\">\n\t\t\t\t<div class=\"elementor-element elementor-element-00b8df3 elementor-widget elementor-widget-heading\" data-id=\"00b8df3\" data-element_type=\"widget\" data-widget_type=\"heading.default\">\n\t\t\t\t<div class=\"elementor-widget-container\">\n\t\t\t\t\t<h2 class=\"elementor-heading-title elementor-size-default\">Klikkaa t\u00e4st\u00e4 n\u00e4hd\u00e4ksesi lis\u00e4\u00e4:<\/h2>\t\t\t\t<\/div>\n\t\t\t\t<\/div>\n\t\t\t\t\t<\/div>\n\t\t\t\t<\/div>\n\t\t<div class=\"elementor-element elementor-element-1a246c7 e-grid e-con-boxed e-con e-parent\" data-id=\"1a246c7\" data-element_type=\"container\">\n\t\t\t\t\t<div class=\"e-con-inner\">\n\t\t\t\t<div class=\"elementor-element elementor-element-4b6bc9e elementor-align-center elementor-widget elementor-widget-button\" data-id=\"4b6bc9e\" data-element_type=\"widget\" data-widget_type=\"button.default\">\n\t\t\t\t<div class=\"elementor-widget-container\">\n\t\t\t\t\t\t\t\t\t<div class=\"elementor-button-wrapper\">\n\t\t\t\t\t<a class=\"elementor-button elementor-button-link elementor-size-sm elementor-animation-pulse\" href=\"https:\/\/lspco.eu\/test\/fi\/mita-on-lsp\/\">\n\t\t\t\t\t\t<span class=\"elementor-button-content-wrapper\">\n\t\t\t\t\t\t\t\t\t<span class=\"elementor-button-text\">Mit\u00e4 on LSP?<\/span>\n\t\t\t\t\t<\/span>\n\t\t\t\t\t<\/a>\n\t\t\t\t<\/div>\n\t\t\t\t\t\t\t\t<\/div>\n\t\t\t\t<\/div>\n\t\t\t\t<div class=\"elementor-element elementor-element-72cbc02 elementor-align-center elementor-widget elementor-widget-button\" data-id=\"72cbc02\" data-element_type=\"widget\" data-widget_type=\"button.default\">\n\t\t\t\t<div class=\"elementor-widget-container\">\n\t\t\t\t\t\t\t\t\t<div class=\"elementor-button-wrapper\">\n\t\t\t\t\t<a class=\"elementor-button elementor-button-link elementor-size-sm elementor-animation-pulse\" href=\"https:\/\/lspco.eu\/test\/fi\/kielten-opettaja\/\">\n\t\t\t\t\t\t<span class=\"elementor-button-content-wrapper\">\n\t\t\t\t\t\t\t\t\t<span class=\"elementor-button-text\">Kielten opettaja<\/span>\n\t\t\t\t\t<\/span>\n\t\t\t\t\t<\/a>\n\t\t\t\t<\/div>\n\t\t\t\t\t\t\t\t<\/div>\n\t\t\t\t<\/div>\n\t\t\t\t<div class=\"elementor-element elementor-element-473257c elementor-align-center elementor-widget elementor-widget-button\" data-id=\"473257c\" data-element_type=\"widget\" data-widget_type=\"button.default\">\n\t\t\t\t<div class=\"elementor-widget-container\">\n\t\t\t\t\t\t\t\t\t<div class=\"elementor-button-wrapper\">\n\t\t\t\t\t<a class=\"elementor-button elementor-button-link elementor-size-sm elementor-animation-pulse\" href=\"https:\/\/lspco.eu\/test\/fi\/erikoisopettaja\/\">\n\t\t\t\t\t\t<span class=\"elementor-button-content-wrapper\">\n\t\t\t\t\t\t\t\t\t<span class=\"elementor-button-text\">Erikoisopettaja<\/span>\n\t\t\t\t\t<\/span>\n\t\t\t\t\t<\/a>\n\t\t\t\t<\/div>\n\t\t\t\t\t\t\t\t<\/div>\n\t\t\t\t<\/div>\n\t\t\t\t<div class=\"elementor-element elementor-element-5617e3e elementor-align-center elementor-widget elementor-widget-button\" data-id=\"5617e3e\" data-element_type=\"widget\" data-widget_type=\"button.default\">\n\t\t\t\t<div class=\"elementor-widget-container\">\n\t\t\t\t\t\t\t\t\t<div class=\"elementor-button-wrapper\">\n\t\t\t\t\t<a class=\"elementor-button elementor-button-link elementor-size-sm elementor-animation-pulse\" href=\"https:\/\/lspco.eu\/test\/fi\/opiskelija\/\">\n\t\t\t\t\t\t<span class=\"elementor-button-content-wrapper\">\n\t\t\t\t\t\t\t\t\t<span class=\"elementor-button-text\">Opiskelija<\/span>\n\t\t\t\t\t<\/span>\n\t\t\t\t\t<\/a>\n\t\t\t\t<\/div>\n\t\t\t\t\t\t\t\t<\/div>\n\t\t\t\t<\/div>\n\t\t\t\t<div class=\"elementor-element elementor-element-7738c01 elementor-align-center elementor-widget elementor-widget-button\" data-id=\"7738c01\" data-element_type=\"widget\" data-widget_type=\"button.default\">\n\t\t\t\t<div class=\"elementor-widget-container\">\n\t\t\t\t\t\t\t\t\t<div class=\"elementor-button-wrapper\">\n\t\t\t\t\t<a class=\"elementor-button elementor-button-link elementor-size-sm elementor-animation-pulse\" href=\"https:\/\/lspco.eu\/test\/fi\/tyonantaja\/\">\n\t\t\t\t\t\t<span class=\"elementor-button-content-wrapper\">\n\t\t\t\t\t\t\t\t\t<span class=\"elementor-button-text\">Ty\u00f6nantaja<\/span>\n\t\t\t\t\t<\/span>\n\t\t\t\t\t<\/a>\n\t\t\t\t<\/div>\n\t\t\t\t\t\t\t\t<\/div>\n\t\t\t\t<\/div>\n\t\t\t\t\t<\/div>\n\t\t\t\t<\/div>\n\t\t<footer class=\"elementor-element elementor-element-60d97888 e-con-full e-flex e-con e-parent\" data-id=\"60d97888\" data-element_type=\"container\" data-settings=\"{&quot;background_background&quot;:&quot;classic&quot;}\">\n\t\t<div class=\"elementor-element elementor-element-1d7294ec e-con-full e-flex e-con e-child\" data-id=\"1d7294ec\" data-element_type=\"container\">\n\t\t\t\t<div class=\"elementor-element elementor-element-49526d9c elementor-widget elementor-widget-image\" data-id=\"49526d9c\" data-element_type=\"widget\" data-widget_type=\"image.default\">\n\t\t\t\t<div class=\"elementor-widget-container\">\n\t\t\t\t\t\t\t\t\t\t\t\t\t\t\t<img decoding=\"async\" width=\"1280\" height=\"292\" src=\"https:\/\/lspco.eu\/test\/wp-content\/uploads\/2025\/02\/nordplus-logo-white.png\" class=\"attachment-full size-full wp-image-538\" alt=\"\" srcset=\"https:\/\/lspco.eu\/test\/wp-content\/uploads\/2025\/02\/nordplus-logo-white.png 1280w, https:\/\/lspco.eu\/test\/wp-content\/uploads\/2025\/02\/nordplus-logo-white-300x68.png 300w, https:\/\/lspco.eu\/test\/wp-content\/uploads\/2025\/02\/nordplus-logo-white-1024x234.png 1024w, https:\/\/lspco.eu\/test\/wp-content\/uploads\/2025\/02\/nordplus-logo-white-768x175.png 768w\" sizes=\"(max-width: 1280px) 100vw, 1280px\" \/>\t\t\t\t\t\t\t\t\t\t\t\t\t\t\t<\/div>\n\t\t\t\t<\/div>\n\t\t\t\t<\/div>\n\t\t\t\t<div class=\"elementor-element elementor-element-b573ec8 elementor-widget__width-initial elementor-widget elementor-widget-spacer\" data-id=\"b573ec8\" data-element_type=\"widget\" data-widget_type=\"spacer.default\">\n\t\t\t\t<div class=\"elementor-widget-container\">\n\t\t\t\t\t\t\t<div class=\"elementor-spacer\">\n\t\t\t<div class=\"elementor-spacer-inner\"><\/div>\n\t\t<\/div>\n\t\t\t\t\t\t<\/div>\n\t\t\t\t<\/div>\n\t\t\t\t<div class=\"elementor-element elementor-element-eed201f elementor-widget__width-initial elementor-widget elementor-widget-heading\" data-id=\"eed201f\" data-element_type=\"widget\" data-widget_type=\"heading.default\">\n\t\t\t\t<div class=\"elementor-widget-container\">\n\t\t\t\t\t<h6 class=\"elementor-heading-title elementor-size-default\"><br><br><br>Tutkimus- ja kehitysprojekti: Constructive collaboration among stakeholders for effective LSP classes in the Field of Higher and Professional Higher Education<\/h6>\t\t\t\t<\/div>\n\t\t\t\t<\/div>\n\t\t\t\t<div class=\"elementor-element elementor-element-1559019 elementor-widget__width-initial elementor-widget elementor-widget-spacer\" data-id=\"1559019\" data-element_type=\"widget\" data-widget_type=\"spacer.default\">\n\t\t\t\t<div class=\"elementor-widget-container\">\n\t\t\t\t\t\t\t<div class=\"elementor-spacer\">\n\t\t\t<div class=\"elementor-spacer-inner\"><\/div>\n\t\t<\/div>\n\t\t\t\t\t\t<\/div>\n\t\t\t\t<\/div>\n\t\t\t\t<div class=\"elementor-element elementor-element-36e2fd1 elementor-widget__width-initial elementor-widget elementor-widget-heading\" data-id=\"36e2fd1\" data-element_type=\"widget\" data-widget_type=\"heading.default\">\n\t\t\t\t<div class=\"elementor-widget-container\">\n\t\t\t\t\t<h6 class=\"elementor-heading-title elementor-size-default\"><br><br><br>Rahoittaja: NordPlus Adult 2023-2025<\/h6>\t\t\t\t<\/div>\n\t\t\t\t<\/div>\n\t\t\t\t<div class=\"elementor-element elementor-element-46b7def elementor-widget__width-initial elementor-widget elementor-widget-spacer\" data-id=\"46b7def\" data-element_type=\"widget\" data-widget_type=\"spacer.default\">\n\t\t\t\t<div class=\"elementor-widget-container\">\n\t\t\t\t\t\t\t<div class=\"elementor-spacer\">\n\t\t\t<div class=\"elementor-spacer-inner\"><\/div>\n\t\t<\/div>\n\t\t\t\t\t\t<\/div>\n\t\t\t\t<\/div>\n\t\t\t\t<div class=\"elementor-element elementor-element-cd74c6f elementor-widget elementor-widget-heading\" data-id=\"cd74c6f\" data-element_type=\"widget\" data-widget_type=\"heading.default\">\n\t\t\t\t<div class=\"elementor-widget-container\">\n\t\t\t\t\t<h6 class=\"elementor-heading-title elementor-size-default\"><br><br><br>Koordinoiva elin: Estonian Academy of Security Sciences (kysytt\u00e4v\u00e4\u00e4 ottaessasi yhteytt\u00e4 keelekeskus@sisekaitse.ee)<br><br>Kumppaneita: <br>Vilnius University<br>Estonian Aviation Academy<br>Finnish Border and Coast Guard Academy<\/h6>\t\t\t\t<\/div>\n\t\t\t\t<\/div>\n\t\t\t\t<div class=\"elementor-element elementor-element-3a071be elementor-widget__width-initial elementor-widget elementor-widget-spacer\" data-id=\"3a071be\" data-element_type=\"widget\" data-widget_type=\"spacer.default\">\n\t\t\t\t<div class=\"elementor-widget-container\">\n\t\t\t\t\t\t\t<div class=\"elementor-spacer\">\n\t\t\t<div class=\"elementor-spacer-inner\"><\/div>\n\t\t<\/div>\n\t\t\t\t\t\t<\/div>\n\t\t\t\t<\/div>\n\t\t\t\t<\/footer>\n\t\t<div class=\"elementor-element elementor-element-348efd74 e-con-full e-flex e-con e-parent\" data-id=\"348efd74\" data-element_type=\"container\" data-settings=\"{&quot;background_background&quot;:&quot;classic&quot;}\">\n\t\t\t\t<div class=\"elementor-element elementor-element-5a795ba0 elementor-widget elementor-widget-heading\" data-id=\"5a795ba0\" data-element_type=\"widget\" data-widget_type=\"heading.default\">\n\t\t\t\t<div class=\"elementor-widget-container\">\n\t\t\t\t\t<p class=\"elementor-heading-title elementor-size-default\">\u00a9 All Rights Reserved.<\/p>\t\t\t\t<\/div>\n\t\t\t\t<\/div>\n\t\t\t\t<\/div>\n\t\t\t\t<\/div>\n\t\t","protected":false},"excerpt":{"rendered":"<p>Tervetuloa verkkosivuillemme! Ammattikielten opetuksessa tehokas ja hyvin suunniteltu yhteisty\u00f6 on olennaista kaikkien osapuolten \u2013 opiskelijoiden, kieltenopettajien, ammattillisen aineen opettajien ja ty\u00f6nantajien \u2013 kesken. Tavoitteenamme on tuoda kaikki sidosryhm\u00e4t yhteen parantamaan yhteisvoimin eritysalan kielen opetuksen (LSP) laatua. T\u00e4m\u00e4 verkkosivu on luotu Pohjoismaiden ja Baltian maiden yhteisty\u00f6n\u00e4, ja sen avulla voimme jakaa LSP- opetuksen hyvi\u00e4 k\u00e4yt\u00e4nt\u00f6j\u00e4, kokemuksia [&hellip;]<\/p>\n","protected":false},"author":1,"featured_media":520,"parent":0,"menu_order":0,"comment_status":"closed","ping_status":"closed","template":"","meta":{"footnotes":""},"class_list":["post-1717","page","type-page","status-publish","has-post-thumbnail","hentry"],"_links":{"self":[{"href":"https:\/\/lspco.eu\/test\/fi\/wp-json\/wp\/v2\/pages\/1717","targetHints":{"allow":["GET"]}}],"collection":[{"href":"https:\/\/lspco.eu\/test\/fi\/wp-json\/wp\/v2\/pages"}],"about":[{"href":"https:\/\/lspco.eu\/test\/fi\/wp-json\/wp\/v2\/types\/page"}],"author":[{"embeddable":true,"href":"https:\/\/lspco.eu\/test\/fi\/wp-json\/wp\/v2\/users\/1"}],"replies":[{"embeddable":true,"href":"https:\/\/lspco.eu\/test\/fi\/wp-json\/wp\/v2\/comments?post=1717"}],"version-history":[{"count":8,"href":"https:\/\/lspco.eu\/test\/fi\/wp-json\/wp\/v2\/pages\/1717\/revisions"}],"predecessor-version":[{"id":1747,"href":"https:\/\/lspco.eu\/test\/fi\/wp-json\/wp\/v2\/pages\/1717\/revisions\/1747"}],"wp:featuredmedia":[{"embeddable":true,"href":"https:\/\/lspco.eu\/test\/fi\/wp-json\/wp\/v2\/media\/520"}],"wp:attachment":[{"href":"https:\/\/lspco.eu\/test\/fi\/wp-json\/wp\/v2\/media?parent=1717"}],"curies":[{"name":"wp","href":"https:\/\/api.w.org\/{rel}","templated":true}]}}