{"id":1606,"date":"2025-01-29T08:44:06","date_gmt":"2025-01-29T08:44:06","guid":{"rendered":"https:\/\/lspco.eu\/test\/avaleht\/"},"modified":"2025-09-12T13:35:17","modified_gmt":"2025-09-12T13:35:17","slug":"avaleht","status":"publish","type":"page","link":"https:\/\/lspco.eu\/test\/et\/","title":{"rendered":"Avaleht"},"content":{"rendered":"\t\t<div data-elementor-type=\"wp-post\" data-elementor-id=\"1606\" class=\"elementor elementor-1606 elementor-10\">\n\t\t\t\t<div class=\"elementor-element elementor-element-b54f15e e-flex e-con-boxed e-con e-parent\" data-id=\"b54f15e\" data-element_type=\"container\">\n\t\t\t\t\t<div class=\"e-con-inner\">\n\t\t\t\t<div class=\"elementor-element elementor-element-67a601f elementor-widget elementor-widget-spacer\" data-id=\"67a601f\" data-element_type=\"widget\" data-widget_type=\"spacer.default\">\n\t\t\t\t<div class=\"elementor-widget-container\">\n\t\t\t\t\t\t\t<div class=\"elementor-spacer\">\n\t\t\t<div class=\"elementor-spacer-inner\"><\/div>\n\t\t<\/div>\n\t\t\t\t\t\t<\/div>\n\t\t\t\t<\/div>\n\t\t\t\t\t<\/div>\n\t\t\t\t<\/div>\n\t\t<div class=\"elementor-element elementor-element-3e73986 e-flex e-con-boxed e-con e-parent\" data-id=\"3e73986\" data-element_type=\"container\">\n\t\t\t\t\t<div class=\"e-con-inner\">\n\t\t\t\t<div class=\"elementor-element elementor-element-7661b44 elementor-widget elementor-widget-heading\" data-id=\"7661b44\" data-element_type=\"widget\" data-widget_type=\"heading.default\">\n\t\t\t\t<div class=\"elementor-widget-container\">\n\t\t\t\t\t<h1 class=\"elementor-heading-title elementor-size-default\">Tere tulemast meie kodulehele<\/h1>\t\t\t\t<\/div>\n\t\t\t\t<\/div>\n\t\t\t\t\t<\/div>\n\t\t\t\t<\/div>\n\t\t<div class=\"elementor-element elementor-element-d4995f5 e-con-full e-flex e-con e-parent\" data-id=\"d4995f5\" data-element_type=\"container\">\n\t\t<div class=\"elementor-element elementor-element-c25f42e e-con-full e-flex e-con e-child\" data-id=\"c25f42e\" data-element_type=\"container\">\n\t\t\t\t<div class=\"elementor-element elementor-element-8d03240 elementor-widget elementor-widget-text-editor\" data-id=\"8d03240\" data-element_type=\"widget\" data-widget_type=\"text-editor.default\">\n\t\t\t\t<div class=\"elementor-widget-container\">\n\t\t\t\t\t\t\t\t\t<p><span style=\"font-weight: 400;\">Erialakeele \u00f5petamisel on oluline k\u00f5ikide seotud osapoolte st \u00f5ppijate, keele- ja eriala\u00f5ppej\u00f5udude ning t\u00f6\u00f6andjate t\u00f5hus ja l\u00e4bim\u00f5eldud koost\u00f6\u00f6. Meie eesm\u00e4rk on tuua kokku k\u00f5ik osapooled, et \u00fcheskoos t\u00f5sta keele\u00f5petuse kvaliteeti. P\u00f5hjamaade ja Balti riikide koost\u00f6\u00f6s loodud koduleht pakub v\u00f5imalust jagada kogemusi, h\u00e4id praktikaid ja toimivaid lahendusi erialakeele \u00f5petamiseks.<\/span><\/p><p>Siit leiad:<\/p><ul><li aria-level=\"1\"><strong>juhised ja n\u00e4ited<\/strong> LSP tundide ettevalmistamiseks ja l\u00e4biviimiseks koost\u00f6\u00f6s aineekspertide ja \u00f5pilastega;<\/li><li aria-level=\"1\"><strong>t\u00f5husad koost\u00f6\u00f6vormid ja -v\u00f5tted<\/strong>, mis \u00fchendavad aine\u00f5petuse ja keele\u00f5ppe;<\/li><li aria-level=\"1\"><strong>parimad praktikad ja kogemused<\/strong> erineva taustaga partner\u00fclikoolidelt;<\/li><li aria-level=\"1\"><strong>t\u00f6\u00f6riistad ja stsenaariumid<\/strong>, mis selgitavad ja tugevdavad k\u00f5igi LSP \u00f5petamisega seotud sidusr\u00fchmade rolli.<\/li><\/ul><p><span style=\"font-weight: 400;\">Koduleht on m\u00f5eldud k\u00f5igile, keda huvitab erialakeele \u00f5petamine ja arendamine \u2013 nii \u00f5ppej\u00f5ududele, \u00f5ppijatele kui ka erialaekspertidele.<\/span><\/p><p><span style=\"font-weight: 400;\">Astume koos sammu edasi kvaliteetsema ja t\u00e4henduslikuma erialakeele \u00f5ppe suunas!<\/span><\/p><p><span style=\"font-weight: 400;\">Koduleht on loodud Nordplus rahastatud teadus- ja arendusprojekti<\/span> <b>&#8220;Sidusr\u00fchmade koost\u00f6\u00f6 erialakeele t\u00f5husaks \u00f5petamiseks k\u00f5rghariduse ja rakendusk\u00f5rghariduse kontekstis&#8221;<\/b><span style=\"font-weight: 400;\"> uuringute tulemusena, mille raames korraldati ja anal\u00fc\u00fcsiti fookusgrupi intervjuusid erinevate erialakeele \u00f5ppe protsessi osapooltega.<\/span><\/p>\t\t\t\t\t\t\t\t<\/div>\n\t\t\t\t<\/div>\n\t\t\t\t<\/div>\n\t\t\t\t<div class=\"elementor-element elementor-element-49ebc6b elementor-widget elementor-widget-image\" data-id=\"49ebc6b\" data-element_type=\"widget\" data-widget_type=\"image.default\">\n\t\t\t\t<div class=\"elementor-widget-container\">\n\t\t\t\t\t\t\t\t\t\t\t\t\t\t\t<img decoding=\"async\" src=\"https:\/\/lspco.eu\/test\/wp-content\/plugins\/elementor\/assets\/images\/placeholder.png\" title=\"\" alt=\"\" loading=\"lazy\" \/>\t\t\t\t\t\t\t\t\t\t\t\t\t\t\t<\/div>\n\t\t\t\t<\/div>\n\t\t\t\t<div class=\"elementor-element elementor-element-5e9953e elementor-widget elementor-widget-image\" data-id=\"5e9953e\" data-element_type=\"widget\" data-widget_type=\"image.default\">\n\t\t\t\t<div class=\"elementor-widget-container\">\n\t\t\t\t\t\t\t\t\t\t\t\t\t\t\t<img fetchpriority=\"high\" decoding=\"async\" width=\"768\" height=\"673\" src=\"https:\/\/lspco.eu\/test\/wp-content\/uploads\/2025\/09\/NordPlus-projekt-EST-768x673.jpg\" class=\"attachment-medium_large size-medium_large wp-image-1675\" alt=\"\" srcset=\"https:\/\/lspco.eu\/test\/wp-content\/uploads\/2025\/09\/NordPlus-projekt-EST-768x673.jpg 768w, https:\/\/lspco.eu\/test\/wp-content\/uploads\/2025\/09\/NordPlus-projekt-EST-300x263.jpg 300w, https:\/\/lspco.eu\/test\/wp-content\/uploads\/2025\/09\/NordPlus-projekt-EST-1024x897.jpg 1024w, https:\/\/lspco.eu\/test\/wp-content\/uploads\/2025\/09\/NordPlus-projekt-EST-1536x1346.jpg 1536w, https:\/\/lspco.eu\/test\/wp-content\/uploads\/2025\/09\/NordPlus-projekt-EST-2048x1795.jpg 2048w\" sizes=\"(max-width: 768px) 100vw, 768px\" \/>\t\t\t\t\t\t\t\t\t\t\t\t\t\t\t<\/div>\n\t\t\t\t<\/div>\n\t\t\t\t<div class=\"elementor-element elementor-element-1ec13a8 elementor-widget elementor-widget-image\" data-id=\"1ec13a8\" data-element_type=\"widget\" data-widget_type=\"image.default\">\n\t\t\t\t<div class=\"elementor-widget-container\">\n\t\t\t\t\t\t\t\t\t\t\t\t\t\t\t<img decoding=\"async\" width=\"1\" height=\"1\" src=\"https:\/\/lspco.eu\/test\/wp-content\/uploads\/2025\/09\/NordPlus-projekt-Frame-1-3-1-scaled.jpg\" class=\"attachment-medium_large size-medium_large wp-image-1386\" alt=\"\" \/>\t\t\t\t\t\t\t\t\t\t\t\t\t\t\t<\/div>\n\t\t\t\t<\/div>\n\t\t<div class=\"elementor-element elementor-element-7a50c4d e-con-full e-flex e-con e-child\" data-id=\"7a50c4d\" data-element_type=\"container\">\n\t\t\t\t<div class=\"elementor-element elementor-element-e9aff77 elementor-widget elementor-widget-image\" data-id=\"e9aff77\" data-element_type=\"widget\" data-widget_type=\"image.default\">\n\t\t\t\t<div class=\"elementor-widget-container\">\n\t\t\t\t\t\t\t\t\t\t\t\t\t\t\t<img fetchpriority=\"high\" decoding=\"async\" width=\"768\" height=\"673\" src=\"https:\/\/lspco.eu\/test\/wp-content\/uploads\/2025\/09\/NordPlus-projekt-EST-768x673.jpg\" class=\"attachment-medium_large size-medium_large wp-image-1675\" alt=\"\" srcset=\"https:\/\/lspco.eu\/test\/wp-content\/uploads\/2025\/09\/NordPlus-projekt-EST-768x673.jpg 768w, https:\/\/lspco.eu\/test\/wp-content\/uploads\/2025\/09\/NordPlus-projekt-EST-300x263.jpg 300w, https:\/\/lspco.eu\/test\/wp-content\/uploads\/2025\/09\/NordPlus-projekt-EST-1024x897.jpg 1024w, https:\/\/lspco.eu\/test\/wp-content\/uploads\/2025\/09\/NordPlus-projekt-EST-1536x1346.jpg 1536w, https:\/\/lspco.eu\/test\/wp-content\/uploads\/2025\/09\/NordPlus-projekt-EST-2048x1795.jpg 2048w\" sizes=\"(max-width: 768px) 100vw, 768px\" \/>\t\t\t\t\t\t\t\t\t\t\t\t\t\t\t<\/div>\n\t\t\t\t<\/div>\n\t\t\t\t<\/div>\n\t\t\t\t<\/div>\n\t\t<div class=\"elementor-element elementor-element-7cb741a e-flex e-con-boxed e-con e-parent\" data-id=\"7cb741a\" data-element_type=\"container\">\n\t\t\t\t\t<div class=\"e-con-inner\">\n\t\t\t\t<div class=\"elementor-element elementor-element-00b8df3 elementor-widget elementor-widget-heading\" data-id=\"00b8df3\" data-element_type=\"widget\" data-widget_type=\"heading.default\">\n\t\t\t\t<div class=\"elementor-widget-container\">\n\t\t\t\t\t<h2 class=\"elementor-heading-title elementor-size-default\">Vajutage siia, et uurida t\u00e4psemalt<\/h2>\t\t\t\t<\/div>\n\t\t\t\t<\/div>\n\t\t\t\t\t<\/div>\n\t\t\t\t<\/div>\n\t\t<div class=\"elementor-element elementor-element-1a246c7 e-grid e-con-boxed e-con e-parent\" data-id=\"1a246c7\" data-element_type=\"container\">\n\t\t\t\t\t<div class=\"e-con-inner\">\n\t\t\t\t<div class=\"elementor-element elementor-element-4b6bc9e elementor-align-center elementor-widget elementor-widget-button\" data-id=\"4b6bc9e\" data-element_type=\"widget\" data-widget_type=\"button.default\">\n\t\t\t\t<div class=\"elementor-widget-container\">\n\t\t\t\t\t\t\t\t\t<div class=\"elementor-button-wrapper\">\n\t\t\t\t\t<a class=\"elementor-button elementor-button-link elementor-size-sm elementor-animation-pulse\" href=\"https:\/\/lspco.eu\/test\/et\/mis-on-erialakeel-voi-oskuskeel\/\">\n\t\t\t\t\t\t<span class=\"elementor-button-content-wrapper\">\n\t\t\t\t\t\t\t\t\t<span class=\"elementor-button-text\">Mis on erialakeel v\u00f5i oskuskeel?<\/span>\n\t\t\t\t\t<\/span>\n\t\t\t\t\t<\/a>\n\t\t\t\t<\/div>\n\t\t\t\t\t\t\t\t<\/div>\n\t\t\t\t<\/div>\n\t\t\t\t<div class=\"elementor-element elementor-element-72cbc02 elementor-align-center elementor-widget elementor-widget-button\" data-id=\"72cbc02\" data-element_type=\"widget\" data-widget_type=\"button.default\">\n\t\t\t\t<div class=\"elementor-widget-container\">\n\t\t\t\t\t\t\t\t\t<div class=\"elementor-button-wrapper\">\n\t\t\t\t\t<a class=\"elementor-button elementor-button-link elementor-size-sm elementor-animation-pulse\" href=\"https:\/\/lspco.eu\/test\/et\/keeleoppejoud\/\">\n\t\t\t\t\t\t<span class=\"elementor-button-content-wrapper\">\n\t\t\t\t\t\t\t\t\t<span class=\"elementor-button-text\">Keele\u00f5ppej\u00f5ud<\/span>\n\t\t\t\t\t<\/span>\n\t\t\t\t\t<\/a>\n\t\t\t\t<\/div>\n\t\t\t\t\t\t\t\t<\/div>\n\t\t\t\t<\/div>\n\t\t\t\t<div class=\"elementor-element elementor-element-473257c elementor-align-center elementor-widget elementor-widget-button\" data-id=\"473257c\" data-element_type=\"widget\" data-widget_type=\"button.default\">\n\t\t\t\t<div class=\"elementor-widget-container\">\n\t\t\t\t\t\t\t\t\t<div class=\"elementor-button-wrapper\">\n\t\t\t\t\t<a class=\"elementor-button elementor-button-link elementor-size-sm elementor-animation-pulse\" href=\"https:\/\/lspco.eu\/test\/et\/erialaoppejoud\/\">\n\t\t\t\t\t\t<span class=\"elementor-button-content-wrapper\">\n\t\t\t\t\t\t\t\t\t<span class=\"elementor-button-text\">Eriala \u00f5ppej\u00f5ud<\/span>\n\t\t\t\t\t<\/span>\n\t\t\t\t\t<\/a>\n\t\t\t\t<\/div>\n\t\t\t\t\t\t\t\t<\/div>\n\t\t\t\t<\/div>\n\t\t\t\t<div class=\"elementor-element elementor-element-5617e3e elementor-align-center elementor-widget elementor-widget-button\" data-id=\"5617e3e\" data-element_type=\"widget\" data-widget_type=\"button.default\">\n\t\t\t\t<div class=\"elementor-widget-container\">\n\t\t\t\t\t\t\t\t\t<div class=\"elementor-button-wrapper\">\n\t\t\t\t\t<a class=\"elementor-button elementor-button-link elementor-size-sm elementor-animation-pulse\" href=\"https:\/\/lspco.eu\/test\/et\/oppija\/\">\n\t\t\t\t\t\t<span class=\"elementor-button-content-wrapper\">\n\t\t\t\t\t\t\t\t\t<span class=\"elementor-button-text\">\u00d5ppija<\/span>\n\t\t\t\t\t<\/span>\n\t\t\t\t\t<\/a>\n\t\t\t\t<\/div>\n\t\t\t\t\t\t\t\t<\/div>\n\t\t\t\t<\/div>\n\t\t\t\t<div class=\"elementor-element elementor-element-7738c01 elementor-align-center elementor-widget elementor-widget-button\" data-id=\"7738c01\" data-element_type=\"widget\" data-widget_type=\"button.default\">\n\t\t\t\t<div class=\"elementor-widget-container\">\n\t\t\t\t\t\t\t\t\t<div class=\"elementor-button-wrapper\">\n\t\t\t\t\t<a class=\"elementor-button elementor-button-link elementor-size-sm elementor-animation-pulse\" href=\"https:\/\/lspco.eu\/test\/et\/tooandja\/\">\n\t\t\t\t\t\t<span class=\"elementor-button-content-wrapper\">\n\t\t\t\t\t\t\t\t\t<span class=\"elementor-button-text\">T\u00f6\u00f6andja<\/span>\n\t\t\t\t\t<\/span>\n\t\t\t\t\t<\/a>\n\t\t\t\t<\/div>\n\t\t\t\t\t\t\t\t<\/div>\n\t\t\t\t<\/div>\n\t\t\t\t\t<\/div>\n\t\t\t\t<\/div>\n\t\t<footer class=\"elementor-element elementor-element-60d97888 e-con-full e-flex e-con e-parent\" data-id=\"60d97888\" data-element_type=\"container\" data-settings=\"{&quot;background_background&quot;:&quot;classic&quot;}\">\n\t\t<div class=\"elementor-element elementor-element-1d7294ec e-con-full e-flex e-con e-child\" data-id=\"1d7294ec\" data-element_type=\"container\">\n\t\t\t\t<div class=\"elementor-element elementor-element-49526d9c elementor-widget elementor-widget-image\" data-id=\"49526d9c\" data-element_type=\"widget\" data-widget_type=\"image.default\">\n\t\t\t\t<div class=\"elementor-widget-container\">\n\t\t\t\t\t\t\t\t\t\t\t\t\t\t\t<img decoding=\"async\" width=\"1280\" height=\"292\" src=\"https:\/\/lspco.eu\/test\/wp-content\/uploads\/2025\/02\/nordplus-logo-white.png\" class=\"attachment-full size-full wp-image-537\" alt=\"\" srcset=\"https:\/\/lspco.eu\/test\/wp-content\/uploads\/2025\/02\/nordplus-logo-white.png 1280w, https:\/\/lspco.eu\/test\/wp-content\/uploads\/2025\/02\/nordplus-logo-white-300x68.png 300w, https:\/\/lspco.eu\/test\/wp-content\/uploads\/2025\/02\/nordplus-logo-white-1024x234.png 1024w, https:\/\/lspco.eu\/test\/wp-content\/uploads\/2025\/02\/nordplus-logo-white-768x175.png 768w\" sizes=\"(max-width: 1280px) 100vw, 1280px\" \/>\t\t\t\t\t\t\t\t\t\t\t\t\t\t\t<\/div>\n\t\t\t\t<\/div>\n\t\t\t\t<\/div>\n\t\t\t\t<div class=\"elementor-element elementor-element-b573ec8 elementor-widget__width-initial elementor-widget elementor-widget-spacer\" data-id=\"b573ec8\" data-element_type=\"widget\" data-widget_type=\"spacer.default\">\n\t\t\t\t<div class=\"elementor-widget-container\">\n\t\t\t\t\t\t\t<div class=\"elementor-spacer\">\n\t\t\t<div class=\"elementor-spacer-inner\"><\/div>\n\t\t<\/div>\n\t\t\t\t\t\t<\/div>\n\t\t\t\t<\/div>\n\t\t\t\t<div class=\"elementor-element elementor-element-eed201f elementor-widget__width-initial elementor-widget elementor-widget-heading\" data-id=\"eed201f\" data-element_type=\"widget\" data-widget_type=\"heading.default\">\n\t\t\t\t<div class=\"elementor-widget-container\">\n\t\t\t\t\t<h6 class=\"elementor-heading-title elementor-size-default\"><br><br><br>Uurimis- ja arendusprojekt: Constructive collaboration among stakeholders for effective LSP classes in the Field of Higher and Professional Higher Education<\/h6>\t\t\t\t<\/div>\n\t\t\t\t<\/div>\n\t\t\t\t<div class=\"elementor-element elementor-element-1559019 elementor-widget__width-initial elementor-widget elementor-widget-spacer\" data-id=\"1559019\" data-element_type=\"widget\" data-widget_type=\"spacer.default\">\n\t\t\t\t<div class=\"elementor-widget-container\">\n\t\t\t\t\t\t\t<div class=\"elementor-spacer\">\n\t\t\t<div class=\"elementor-spacer-inner\"><\/div>\n\t\t<\/div>\n\t\t\t\t\t\t<\/div>\n\t\t\t\t<\/div>\n\t\t\t\t<div class=\"elementor-element elementor-element-36e2fd1 elementor-widget__width-initial elementor-widget elementor-widget-heading\" data-id=\"36e2fd1\" data-element_type=\"widget\" data-widget_type=\"heading.default\">\n\t\t\t\t<div class=\"elementor-widget-container\">\n\t\t\t\t\t<h6 class=\"elementor-heading-title elementor-size-default\"><br><br><br>Rahastaja: NordPlus Adult 2023-2025<\/h6>\t\t\t\t<\/div>\n\t\t\t\t<\/div>\n\t\t\t\t<div class=\"elementor-element elementor-element-46b7def elementor-widget__width-initial elementor-widget elementor-widget-spacer\" data-id=\"46b7def\" data-element_type=\"widget\" data-widget_type=\"spacer.default\">\n\t\t\t\t<div class=\"elementor-widget-container\">\n\t\t\t\t\t\t\t<div class=\"elementor-spacer\">\n\t\t\t<div class=\"elementor-spacer-inner\"><\/div>\n\t\t<\/div>\n\t\t\t\t\t\t<\/div>\n\t\t\t\t<\/div>\n\t\t\t\t<div class=\"elementor-element elementor-element-cd74c6f elementor-widget elementor-widget-heading\" data-id=\"cd74c6f\" data-element_type=\"widget\" data-widget_type=\"heading.default\">\n\t\t\t\t<div class=\"elementor-widget-container\">\n\t\t\t\t\t<h6 class=\"elementor-heading-title elementor-size-default\"><br><br><br>Koordineeriv asutus: Sisekaitseakadeemia (k\u00fcsimuste korral v\u00f5tke \u00fchendust keelekeskus@sisekaitse.ee)<br><br>Partnerid: <br>Vilniuse \u00dclikool<br>Eesti Lennuakadeemia<br>Soome piiri- ja rannikuvalve akadeemia<\/h6>\t\t\t\t<\/div>\n\t\t\t\t<\/div>\n\t\t\t\t<div class=\"elementor-element elementor-element-3a071be elementor-widget__width-initial elementor-widget elementor-widget-spacer\" data-id=\"3a071be\" data-element_type=\"widget\" data-widget_type=\"spacer.default\">\n\t\t\t\t<div class=\"elementor-widget-container\">\n\t\t\t\t\t\t\t<div class=\"elementor-spacer\">\n\t\t\t<div class=\"elementor-spacer-inner\"><\/div>\n\t\t<\/div>\n\t\t\t\t\t\t<\/div>\n\t\t\t\t<\/div>\n\t\t\t\t<\/footer>\n\t\t<div class=\"elementor-element elementor-element-348efd74 e-con-full e-flex e-con e-parent\" data-id=\"348efd74\" data-element_type=\"container\" data-settings=\"{&quot;background_background&quot;:&quot;classic&quot;}\">\n\t\t\t\t<div class=\"elementor-element elementor-element-5a795ba0 elementor-widget elementor-widget-heading\" data-id=\"5a795ba0\" data-element_type=\"widget\" data-widget_type=\"heading.default\">\n\t\t\t\t<div class=\"elementor-widget-container\">\n\t\t\t\t\t<p class=\"elementor-heading-title elementor-size-default\">\u00a9 K\u00f5ik \u00f5igused kaitstud.<\/p>\t\t\t\t<\/div>\n\t\t\t\t<\/div>\n\t\t\t\t<\/div>\n\t\t\t\t<\/div>\n\t\t","protected":false},"excerpt":{"rendered":"<p>Tere tulemast meie kodulehele Erialakeele \u00f5petamisel on oluline k\u00f5ikide seotud osapoolte st \u00f5ppijate, keele- ja eriala\u00f5ppej\u00f5udude ning t\u00f6\u00f6andjate t\u00f5hus ja l\u00e4bim\u00f5eldud koost\u00f6\u00f6. Meie eesm\u00e4rk on tuua kokku k\u00f5ik osapooled, et \u00fcheskoos t\u00f5sta keele\u00f5petuse kvaliteeti. P\u00f5hjamaade ja Balti riikide koost\u00f6\u00f6s loodud koduleht pakub v\u00f5imalust jagada kogemusi, h\u00e4id praktikaid ja toimivaid lahendusi erialakeele \u00f5petamiseks. Siit leiad: juhised [&hellip;]<\/p>\n","protected":false},"author":1,"featured_media":519,"parent":0,"menu_order":0,"comment_status":"closed","ping_status":"closed","template":"","meta":{"footnotes":""},"class_list":["post-1606","page","type-page","status-publish","has-post-thumbnail","hentry"],"_links":{"self":[{"href":"https:\/\/lspco.eu\/test\/et\/wp-json\/wp\/v2\/pages\/1606","targetHints":{"allow":["GET"]}}],"collection":[{"href":"https:\/\/lspco.eu\/test\/et\/wp-json\/wp\/v2\/pages"}],"about":[{"href":"https:\/\/lspco.eu\/test\/et\/wp-json\/wp\/v2\/types\/page"}],"author":[{"embeddable":true,"href":"https:\/\/lspco.eu\/test\/et\/wp-json\/wp\/v2\/users\/1"}],"replies":[{"embeddable":true,"href":"https:\/\/lspco.eu\/test\/et\/wp-json\/wp\/v2\/comments?post=1606"}],"version-history":[{"count":23,"href":"https:\/\/lspco.eu\/test\/et\/wp-json\/wp\/v2\/pages\/1606\/revisions"}],"predecessor-version":[{"id":1787,"href":"https:\/\/lspco.eu\/test\/et\/wp-json\/wp\/v2\/pages\/1606\/revisions\/1787"}],"wp:featuredmedia":[{"embeddable":true,"href":"https:\/\/lspco.eu\/test\/et\/wp-json\/wp\/v2\/media\/519"}],"wp:attachment":[{"href":"https:\/\/lspco.eu\/test\/et\/wp-json\/wp\/v2\/media?parent=1606"}],"curies":[{"name":"wp","href":"https:\/\/api.w.org\/{rel}","templated":true}]}}